{"id":1957,"date":"2020-09-25T12:04:33","date_gmt":"2020-09-25T09:04:33","guid":{"rendered":"https:\/\/slowlearning.eu\/novosti\/"},"modified":"2020-09-25T12:04:34","modified_gmt":"2020-09-25T09:04:34","slug":"novosti","status":"publish","type":"page","link":"https:\/\/slowlearning.eu\/sl\/novosti\/","title":{"rendered":"Novosti"},"content":{"rendered":"<p>[vc_row][vc_column][vc_empty_space height=&#8221;60px&#8221;][vc_column_text]<\/p>\n<h2 style=\"text-align: center;\">Novosti<\/h2>\n<p style=\"text-align: center;\">Preverite na\u0161e zadnje novice!<\/p>\n<p style=\"text-align: center;\">Samo v angle\u0161\u010dini<\/p>\n<p>[\/vc_column_text][vc_empty_space height=&#8221;60px&#8221;][dfd_blog_posts posts_to_show=&#8221;30&#8243; items_offset=&#8221;50&#8243; post_image_width=&#8221;600&#8243; post_image_height=&#8221;600&#8243; columns=&#8221;3&#8243; thumb_rounded=&#8221;6&#8243; post_show_meta_category=&#8221;&#8221; post_show_content=&#8221;&#8221; post_show_author_box=&#8221;&#8221; post_content_alignment=&#8221;text-center&#8221; module_animation=&#8221;transition.slideUpBigIn&#8221; post_content_style=&#8221;full_front&#8221; post_style=&#8221;fitRows&#8221; post_categories=&#8221;events,meetings,news&#8221; title_font_options=&#8221;font_size:22|line_height:30&#8243; tutorials=&#8221;&#8221;][\/vc_column][\/vc_row]<\/p>\n","protected":false},"excerpt":{"rendered":"<p>[vc_row][vc_column][vc_empty_space height=&#8221;60px&#8221;][vc_column_text] Novosti Preverite na\u0161e zadnje novice! Samo v angle\u0161\u010dini [\/vc_column_text][vc_empty_space height=&#8221;60px&#8221;][dfd_blog_posts posts_to_show=&#8221;30&#8243; items_offset=&#8221;50&#8243; post_image_width=&#8221;600&#8243; post_image_height=&#8221;600&#8243; columns=&#8221;3&#8243; thumb_rounded=&#8221;6&#8243; post_show_meta_category=&#8221;&#8221; post_show_content=&#8221;&#8221; post_show_author_box=&#8221;&#8221; post_content_alignment=&#8221;text-center&#8221; module_animation=&#8221;transition.slideUpBigIn&#8221; post_content_style=&#8221;full_front&#8221; post_style=&#8221;fitRows&#8221; post_categories=&#8221;events,meetings,news&#8221; title_font_options=&#8221;font_size:22|line_height:30&#8243; tutorials=&#8221;&#8221;][\/vc_column][\/vc_row]<\/p>\n","protected":false},"author":1,"featured_media":3499,"parent":0,"menu_order":0,"comment_status":"closed","ping_status":"closed","template":"tmp-page.php","meta":{"footnotes":""},"class_list":["post-1957","page","type-page","status-publish","has-post-thumbnail","hentry"],"yoast_head":"<!-- This site is optimized with the Yoast SEO plugin v19.6 - https:\/\/yoast.com\/wordpress\/plugins\/seo\/ -->\n<title>Novosti - SLOW LEARNING<\/title>\n<meta name=\"robots\" content=\"index, follow, max-snippet:-1, max-image-preview:large, max-video-preview:-1\" \/>\n<link rel=\"canonical\" href=\"https:\/\/slowlearning.eu\/sl\/novosti\/\" \/>\n<meta property=\"og:locale\" content=\"sl_SI\" \/>\n<meta property=\"og:type\" content=\"article\" \/>\n<meta property=\"og:title\" content=\"Novosti - SLOW LEARNING\" \/>\n<meta property=\"og:description\" content=\"[vc_row][vc_column][vc_empty_space height=&#8221;60px&#8221;][vc_column_text] Novosti Preverite na\u0161e zadnje novice! Samo v angle\u0161\u010dini [\/vc_column_text][vc_empty_space height=&#8221;60px&#8221;][dfd_blog_posts posts_to_show=&#8221;30&#8243; items_offset=&#8221;50&#8243; post_image_width=&#8221;600&#8243; post_image_height=&#8221;600&#8243; columns=&#8221;3&#8243; thumb_rounded=&#8221;6&#8243; post_show_meta_category=&#8221;&#8221; post_show_content=&#8221;&#8221; post_show_author_box=&#8221;&#8221; post_content_alignment=&#8221;text-center&#8221; module_animation=&#8221;transition.slideUpBigIn&#8221; post_content_style=&#8221;full_front&#8221; post_style=&#8221;fitRows&#8221; post_categories=&#8221;events,meetings,news&#8221; title_font_options=&#8221;font_size:22|line_height:30&#8243; tutorials=&#8221;&#8221;][\/vc_column][\/vc_row]\" \/>\n<meta property=\"og:url\" content=\"https:\/\/slowlearning.eu\/sl\/novosti\/\" \/>\n<meta property=\"og:site_name\" content=\"SLOW LEARNING\" \/>\n<meta property=\"article:modified_time\" content=\"2020-09-25T09:04:34+00:00\" \/>\n<meta property=\"og:image\" content=\"https:\/\/slowlearning.eu\/wp-content\/uploads\/2022\/04\/featured-image-news.jpg\" \/>\n\t<meta property=\"og:image:width\" content=\"1200\" \/>\n\t<meta property=\"og:image:height\" content=\"630\" \/>\n\t<meta property=\"og:image:type\" content=\"image\/jpeg\" \/>\n<meta name=\"twitter:card\" content=\"summary_large_image\" \/>\n<script type=\"application\/ld+json\" class=\"yoast-schema-graph\">{\"@context\":\"https:\/\/schema.org\",\"@graph\":[{\"@type\":\"WebPage\",\"@id\":\"https:\/\/slowlearning.eu\/sl\/novosti\/\",\"url\":\"https:\/\/slowlearning.eu\/sl\/novosti\/\",\"name\":\"Novosti - SLOW LEARNING\",\"isPartOf\":{\"@id\":\"https:\/\/slowlearning.eu\/el\/#website\"},\"datePublished\":\"2020-09-25T09:04:33+00:00\",\"dateModified\":\"2020-09-25T09:04:34+00:00\",\"breadcrumb\":{\"@id\":\"https:\/\/slowlearning.eu\/sl\/novosti\/#breadcrumb\"},\"inLanguage\":\"sl-SI\",\"potentialAction\":[{\"@type\":\"ReadAction\",\"target\":[\"https:\/\/slowlearning.eu\/sl\/novosti\/\"]}]},{\"@type\":\"BreadcrumbList\",\"@id\":\"https:\/\/slowlearning.eu\/sl\/novosti\/#breadcrumb\",\"itemListElement\":[{\"@type\":\"ListItem\",\"position\":1,\"name\":\"Home\",\"item\":\"https:\/\/slowlearning.eu\/sl\/\"},{\"@type\":\"ListItem\",\"position\":2,\"name\":\"Novosti\"}]},{\"@type\":\"WebSite\",\"@id\":\"https:\/\/slowlearning.eu\/el\/#website\",\"url\":\"https:\/\/slowlearning.eu\/el\/\",\"name\":\"SLOW LEARNING\",\"description\":\"IT for elders\",\"potentialAction\":[{\"@type\":\"SearchAction\",\"target\":{\"@type\":\"EntryPoint\",\"urlTemplate\":\"https:\/\/slowlearning.eu\/el\/?s={search_term_string}\"},\"query-input\":\"required name=search_term_string\"}],\"inLanguage\":\"sl-SI\"}]}<\/script>\n<!-- \/ Yoast SEO plugin. -->","yoast_head_json":{"title":"Novosti - SLOW LEARNING","robots":{"index":"index","follow":"follow","max-snippet":"max-snippet:-1","max-image-preview":"max-image-preview:large","max-video-preview":"max-video-preview:-1"},"canonical":"https:\/\/slowlearning.eu\/sl\/novosti\/","og_locale":"sl_SI","og_type":"article","og_title":"Novosti - SLOW LEARNING","og_description":"[vc_row][vc_column][vc_empty_space height=&#8221;60px&#8221;][vc_column_text] Novosti Preverite na\u0161e zadnje novice! Samo v angle\u0161\u010dini [\/vc_column_text][vc_empty_space height=&#8221;60px&#8221;][dfd_blog_posts posts_to_show=&#8221;30&#8243; items_offset=&#8221;50&#8243; post_image_width=&#8221;600&#8243; post_image_height=&#8221;600&#8243; columns=&#8221;3&#8243; thumb_rounded=&#8221;6&#8243; post_show_meta_category=&#8221;&#8221; post_show_content=&#8221;&#8221; post_show_author_box=&#8221;&#8221; post_content_alignment=&#8221;text-center&#8221; module_animation=&#8221;transition.slideUpBigIn&#8221; post_content_style=&#8221;full_front&#8221; post_style=&#8221;fitRows&#8221; post_categories=&#8221;events,meetings,news&#8221; title_font_options=&#8221;font_size:22|line_height:30&#8243; tutorials=&#8221;&#8221;][\/vc_column][\/vc_row]","og_url":"https:\/\/slowlearning.eu\/sl\/novosti\/","og_site_name":"SLOW LEARNING","article_modified_time":"2020-09-25T09:04:34+00:00","og_image":[{"width":1200,"height":630,"url":"https:\/\/slowlearning.eu\/wp-content\/uploads\/2022\/04\/featured-image-news.jpg","type":"image\/jpeg"}],"twitter_card":"summary_large_image","schema":{"@context":"https:\/\/schema.org","@graph":[{"@type":"WebPage","@id":"https:\/\/slowlearning.eu\/sl\/novosti\/","url":"https:\/\/slowlearning.eu\/sl\/novosti\/","name":"Novosti - SLOW LEARNING","isPartOf":{"@id":"https:\/\/slowlearning.eu\/el\/#website"},"datePublished":"2020-09-25T09:04:33+00:00","dateModified":"2020-09-25T09:04:34+00:00","breadcrumb":{"@id":"https:\/\/slowlearning.eu\/sl\/novosti\/#breadcrumb"},"inLanguage":"sl-SI","potentialAction":[{"@type":"ReadAction","target":["https:\/\/slowlearning.eu\/sl\/novosti\/"]}]},{"@type":"BreadcrumbList","@id":"https:\/\/slowlearning.eu\/sl\/novosti\/#breadcrumb","itemListElement":[{"@type":"ListItem","position":1,"name":"Home","item":"https:\/\/slowlearning.eu\/sl\/"},{"@type":"ListItem","position":2,"name":"Novosti"}]},{"@type":"WebSite","@id":"https:\/\/slowlearning.eu\/el\/#website","url":"https:\/\/slowlearning.eu\/el\/","name":"SLOW LEARNING","description":"IT for elders","potentialAction":[{"@type":"SearchAction","target":{"@type":"EntryPoint","urlTemplate":"https:\/\/slowlearning.eu\/el\/?s={search_term_string}"},"query-input":"required name=search_term_string"}],"inLanguage":"sl-SI"}]}},"_links":{"self":[{"href":"https:\/\/slowlearning.eu\/sl\/wp-json\/wp\/v2\/pages\/1957","targetHints":{"allow":["GET"]}}],"collection":[{"href":"https:\/\/slowlearning.eu\/sl\/wp-json\/wp\/v2\/pages"}],"about":[{"href":"https:\/\/slowlearning.eu\/sl\/wp-json\/wp\/v2\/types\/page"}],"author":[{"embeddable":true,"href":"https:\/\/slowlearning.eu\/sl\/wp-json\/wp\/v2\/users\/1"}],"replies":[{"embeddable":true,"href":"https:\/\/slowlearning.eu\/sl\/wp-json\/wp\/v2\/comments?post=1957"}],"version-history":[{"count":2,"href":"https:\/\/slowlearning.eu\/sl\/wp-json\/wp\/v2\/pages\/1957\/revisions"}],"predecessor-version":[{"id":1959,"href":"https:\/\/slowlearning.eu\/sl\/wp-json\/wp\/v2\/pages\/1957\/revisions\/1959"}],"wp:featuredmedia":[{"embeddable":true,"href":"https:\/\/slowlearning.eu\/sl\/wp-json\/wp\/v2\/media\/3499"}],"wp:attachment":[{"href":"https:\/\/slowlearning.eu\/sl\/wp-json\/wp\/v2\/media?parent=1957"}],"curies":[{"name":"wp","href":"https:\/\/api.w.org\/{rel}","templated":true}]}}