{"id":1954,"date":"2020-09-25T12:02:44","date_gmt":"2020-09-25T09:02:44","guid":{"rendered":"https:\/\/slowlearning.eu\/it-mentor-delovni-profil\/"},"modified":"2020-09-25T12:17:11","modified_gmt":"2020-09-25T09:17:11","slug":"it-mentor-delovni-profil","status":"publish","type":"page","link":"https:\/\/slowlearning.eu\/sl\/it-mentor-delovni-profil\/","title":{"rendered":"IT mentor \u2013 delovni profil"},"content":{"rendered":"<p>[vc_row][vc_column][vc_empty_space height=&#8221;100px&#8221;][vc_column_text]<\/p>\n<h2 style=\"text-align: center;\">Delovni profil IT mentorjev za seniorje<\/h2>\n<p>[\/vc_column_text][\/vc_column][\/vc_row][vc_row force_equal_height_columns=&#8221;main_row&#8221;][vc_column width=&#8221;1\/3&#8243;]<\/p>\n<p>[dfd_single_image image=&#8221;1042&#8243;]<\/p>\n<p>[\/vc_column][vc_column width=&#8221;2\/3&#8243;][vc_column_text]<\/p>\n<p>Delovni profil za <a href=\"https:\/\/slowlearning.eu\/sl\/usposabljanje\/\" target=\"_blank\" rel=\"noopener noreferrer\">IT mentorje<\/a> seniorjev je danes postal nujnost. IT mentor mora biti usposobljen za pripravo in izvedbo u\u010dnih programov s podro\u010dja informacijske tehnologije (IT) s posebnim poudarkom na specifi\u010dne potrebe seniorjev. Zraven tega mora biti tudi ekspert s podro\u010dja uporabni\u0161kih znanj. Posedovati mora znanja o procesih staranja, \u0161e posebej omejitev ter kognitivnih sposobnosti.<\/p>\n<p>[\/vc_column_text][\/vc_column][\/vc_row][vc_row][vc_column][vc_column_text]<\/p>\n<blockquote><p>IT mentor seniorjev mora obvladati delo s starej\u0161imi udele\u017eenci in znati tudi primerno reagirati.\u00a0<\/p><\/blockquote>\n<p>Obstajajo ovire za u\u010denje v zreli dobi. S staranjem sledi naravno poslab\u0161anje mo\u017eganske funkcije, ki povzro\u010da postopno oslabitev koncentracije, spomina in mentalne pro\u017enosti. Sposobnost ustvarjanja novih sinaps med nevroni kot odziv na zunanje dra\u017eljaje, kot sta pou\u010devanje in usposabljanje, upada. Pridobivanje novega znanja in ve\u0161\u010din je zato s starostjo vse te\u017eje.<\/p>\n<p>&nbsp;<\/p>\n<p>Partnerji sodelujemo z organizacijami za usposabljanje, in\u0161truktorji informacijske tehnologije in starej\u0161imi, da bi opredelili, \u010desa mora biti sposoben IT mentor starej\u0161ih. Pomembno je, na primer:<\/p>\n<ol>\n<li>opraviti analizo potreb po usposabljanju<\/li>\n<li>oblikovati programe usposabljanja, ki ustrezajo potrebnim ve\u0161\u010dinam<\/li>\n<li>zagotoviti, da u\u010dno okolje in viri podpirajo potrebe u\u010dencev<\/li>\n<li>oblikovati gradiva in dokumente, kot so izro\u010dki, priro\u010dniki in vaje, primerni za potrebe u\u010de\u010dih se seniorjev<\/li>\n<\/ol>\n<p>&nbsp;<\/p>\n<h4 style=\"text-align: center;\">Rezultat bo oblikovanje delovnega profila profesionalnih IT mentorjev za starej\u0161e odrasle.<\/h4>\n<p>[\/vc_column_text][vc_empty_space height=&#8221;50px&#8221;][\/vc_column][\/vc_row]<\/p>\n","protected":false},"excerpt":{"rendered":"<p>[vc_row][vc_column][vc_empty_space height=&#8221;100px&#8221;][vc_column_text] Delovni profil IT mentorjev za seniorje [\/vc_column_text][\/vc_column][\/vc_row][vc_row force_equal_height_columns=&#8221;main_row&#8221;][vc_column width=&#8221;1\/3&#8243;] [dfd_single_image image=&#8221;1042&#8243;] [\/vc_column][vc_column width=&#8221;2\/3&#8243;][vc_column_text] Delovni profil za IT mentorje seniorjev je danes postal nujnost. IT mentor mora biti usposobljen<\/p>\n","protected":false},"author":1,"featured_media":1250,"parent":0,"menu_order":0,"comment_status":"closed","ping_status":"closed","template":"tmp-page.php","meta":{"footnotes":""},"class_list":["post-1954","page","type-page","status-publish","has-post-thumbnail","hentry"],"yoast_head":"<!-- This site is optimized with the Yoast SEO plugin v19.6 - https:\/\/yoast.com\/wordpress\/plugins\/seo\/ -->\n<title>IT mentor \u2013 delovni profil - SLOW LEARNING<\/title>\n<meta name=\"description\" content=\"Biti trener za starej\u0161e na podro\u010dju IT ni lahka naloga. Za tak\u0161no misijo potrebujete posebne ve\u0161\u010dine. Iz tega projekta bo ustvarjen delovni profil!\" \/>\n<meta name=\"robots\" content=\"index, follow, max-snippet:-1, max-image-preview:large, max-video-preview:-1\" \/>\n<link rel=\"canonical\" href=\"https:\/\/slowlearning.eu\/sl\/it-mentor-delovni-profil\/\" \/>\n<meta property=\"og:locale\" content=\"sl_SI\" \/>\n<meta property=\"og:type\" content=\"article\" \/>\n<meta property=\"og:title\" content=\"IT mentor \u2013 delovni profil - SLOW LEARNING\" \/>\n<meta property=\"og:description\" content=\"Biti trener za starej\u0161e na podro\u010dju IT ni lahka naloga. Za tak\u0161no misijo potrebujete posebne ve\u0161\u010dine. Iz tega projekta bo ustvarjen delovni profil!\" \/>\n<meta property=\"og:url\" content=\"https:\/\/slowlearning.eu\/sl\/it-mentor-delovni-profil\/\" \/>\n<meta property=\"og:site_name\" content=\"SLOW LEARNING\" \/>\n<meta property=\"article:modified_time\" content=\"2020-09-25T09:17:11+00:00\" \/>\n<meta property=\"og:image\" content=\"https:\/\/slowlearning.eu\/wp-content\/uploads\/2020\/03\/featured-image-IT-trainer.jpg\" \/>\n\t<meta property=\"og:image:width\" content=\"1200\" \/>\n\t<meta property=\"og:image:height\" content=\"630\" \/>\n\t<meta property=\"og:image:type\" content=\"image\/jpeg\" \/>\n<meta name=\"twitter:card\" content=\"summary_large_image\" \/>\n<meta name=\"twitter:label1\" content=\"Est. reading time\" \/>\n\t<meta name=\"twitter:data1\" content=\"1 minuta\" \/>\n<script type=\"application\/ld+json\" class=\"yoast-schema-graph\">{\"@context\":\"https:\/\/schema.org\",\"@graph\":[{\"@type\":\"WebPage\",\"@id\":\"https:\/\/slowlearning.eu\/sl\/it-mentor-delovni-profil\/\",\"url\":\"https:\/\/slowlearning.eu\/sl\/it-mentor-delovni-profil\/\",\"name\":\"IT mentor \u2013 delovni profil - SLOW LEARNING\",\"isPartOf\":{\"@id\":\"https:\/\/slowlearning.eu\/el\/#website\"},\"datePublished\":\"2020-09-25T09:02:44+00:00\",\"dateModified\":\"2020-09-25T09:17:11+00:00\",\"description\":\"Biti trener za starej\u0161e na podro\u010dju IT ni lahka naloga. Za tak\u0161no misijo potrebujete posebne ve\u0161\u010dine. Iz tega projekta bo ustvarjen delovni profil!\",\"breadcrumb\":{\"@id\":\"https:\/\/slowlearning.eu\/sl\/it-mentor-delovni-profil\/#breadcrumb\"},\"inLanguage\":\"sl-SI\",\"potentialAction\":[{\"@type\":\"ReadAction\",\"target\":[\"https:\/\/slowlearning.eu\/sl\/it-mentor-delovni-profil\/\"]}]},{\"@type\":\"BreadcrumbList\",\"@id\":\"https:\/\/slowlearning.eu\/sl\/it-mentor-delovni-profil\/#breadcrumb\",\"itemListElement\":[{\"@type\":\"ListItem\",\"position\":1,\"name\":\"Home\",\"item\":\"https:\/\/slowlearning.eu\/sl\/\"},{\"@type\":\"ListItem\",\"position\":2,\"name\":\"IT mentor \u2013 delovni profil\"}]},{\"@type\":\"WebSite\",\"@id\":\"https:\/\/slowlearning.eu\/el\/#website\",\"url\":\"https:\/\/slowlearning.eu\/el\/\",\"name\":\"SLOW LEARNING\",\"description\":\"IT for elders\",\"potentialAction\":[{\"@type\":\"SearchAction\",\"target\":{\"@type\":\"EntryPoint\",\"urlTemplate\":\"https:\/\/slowlearning.eu\/el\/?s={search_term_string}\"},\"query-input\":\"required name=search_term_string\"}],\"inLanguage\":\"sl-SI\"}]}<\/script>\n<!-- \/ Yoast SEO plugin. -->","yoast_head_json":{"title":"IT mentor \u2013 delovni profil - SLOW LEARNING","description":"Biti trener za starej\u0161e na podro\u010dju IT ni lahka naloga. Za tak\u0161no misijo potrebujete posebne ve\u0161\u010dine. Iz tega projekta bo ustvarjen delovni profil!","robots":{"index":"index","follow":"follow","max-snippet":"max-snippet:-1","max-image-preview":"max-image-preview:large","max-video-preview":"max-video-preview:-1"},"canonical":"https:\/\/slowlearning.eu\/sl\/it-mentor-delovni-profil\/","og_locale":"sl_SI","og_type":"article","og_title":"IT mentor \u2013 delovni profil - SLOW LEARNING","og_description":"Biti trener za starej\u0161e na podro\u010dju IT ni lahka naloga. Za tak\u0161no misijo potrebujete posebne ve\u0161\u010dine. Iz tega projekta bo ustvarjen delovni profil!","og_url":"https:\/\/slowlearning.eu\/sl\/it-mentor-delovni-profil\/","og_site_name":"SLOW LEARNING","article_modified_time":"2020-09-25T09:17:11+00:00","og_image":[{"width":1200,"height":630,"url":"https:\/\/slowlearning.eu\/wp-content\/uploads\/2020\/03\/featured-image-IT-trainer.jpg","type":"image\/jpeg"}],"twitter_card":"summary_large_image","twitter_misc":{"Est. reading time":"1 minuta"},"schema":{"@context":"https:\/\/schema.org","@graph":[{"@type":"WebPage","@id":"https:\/\/slowlearning.eu\/sl\/it-mentor-delovni-profil\/","url":"https:\/\/slowlearning.eu\/sl\/it-mentor-delovni-profil\/","name":"IT mentor \u2013 delovni profil - SLOW LEARNING","isPartOf":{"@id":"https:\/\/slowlearning.eu\/el\/#website"},"datePublished":"2020-09-25T09:02:44+00:00","dateModified":"2020-09-25T09:17:11+00:00","description":"Biti trener za starej\u0161e na podro\u010dju IT ni lahka naloga. Za tak\u0161no misijo potrebujete posebne ve\u0161\u010dine. Iz tega projekta bo ustvarjen delovni profil!","breadcrumb":{"@id":"https:\/\/slowlearning.eu\/sl\/it-mentor-delovni-profil\/#breadcrumb"},"inLanguage":"sl-SI","potentialAction":[{"@type":"ReadAction","target":["https:\/\/slowlearning.eu\/sl\/it-mentor-delovni-profil\/"]}]},{"@type":"BreadcrumbList","@id":"https:\/\/slowlearning.eu\/sl\/it-mentor-delovni-profil\/#breadcrumb","itemListElement":[{"@type":"ListItem","position":1,"name":"Home","item":"https:\/\/slowlearning.eu\/sl\/"},{"@type":"ListItem","position":2,"name":"IT mentor \u2013 delovni profil"}]},{"@type":"WebSite","@id":"https:\/\/slowlearning.eu\/el\/#website","url":"https:\/\/slowlearning.eu\/el\/","name":"SLOW LEARNING","description":"IT for elders","potentialAction":[{"@type":"SearchAction","target":{"@type":"EntryPoint","urlTemplate":"https:\/\/slowlearning.eu\/el\/?s={search_term_string}"},"query-input":"required name=search_term_string"}],"inLanguage":"sl-SI"}]}},"_links":{"self":[{"href":"https:\/\/slowlearning.eu\/sl\/wp-json\/wp\/v2\/pages\/1954","targetHints":{"allow":["GET"]}}],"collection":[{"href":"https:\/\/slowlearning.eu\/sl\/wp-json\/wp\/v2\/pages"}],"about":[{"href":"https:\/\/slowlearning.eu\/sl\/wp-json\/wp\/v2\/types\/page"}],"author":[{"embeddable":true,"href":"https:\/\/slowlearning.eu\/sl\/wp-json\/wp\/v2\/users\/1"}],"replies":[{"embeddable":true,"href":"https:\/\/slowlearning.eu\/sl\/wp-json\/wp\/v2\/comments?post=1954"}],"version-history":[{"count":5,"href":"https:\/\/slowlearning.eu\/sl\/wp-json\/wp\/v2\/pages\/1954\/revisions"}],"predecessor-version":[{"id":1977,"href":"https:\/\/slowlearning.eu\/sl\/wp-json\/wp\/v2\/pages\/1954\/revisions\/1977"}],"wp:featuredmedia":[{"embeddable":true,"href":"https:\/\/slowlearning.eu\/sl\/wp-json\/wp\/v2\/media\/1250"}],"wp:attachment":[{"href":"https:\/\/slowlearning.eu\/sl\/wp-json\/wp\/v2\/media?parent=1954"}],"curies":[{"name":"wp","href":"https:\/\/api.w.org\/{rel}","templated":true}]}}