{"id":1947,"date":"2020-09-25T11:52:54","date_gmt":"2020-09-25T08:52:54","guid":{"rendered":"https:\/\/slowlearning.eu\/prirocnik\/"},"modified":"2020-10-21T16:35:30","modified_gmt":"2020-10-21T13:35:30","slug":"prirocnik","status":"publish","type":"page","link":"https:\/\/slowlearning.eu\/sl\/prirocnik\/","title":{"rendered":"Priro\u010dnik"},"content":{"rendered":"<p>[vc_row][vc_column][vc_empty_space height=&#8221;60px&#8221;][vc_column_text]<\/p>\n<h2>Priro\u010dnik<\/h2>\n<p><img loading=\"lazy\" decoding=\"async\" class=\"wp-image-1885 size-full alignleft\" src=\"https:\/\/slowlearning.eu\/wp-content\/uploads\/2020\/09\/Compendium-teacher-300px.jpg\" alt=\"\" width=\"300\" height=\"300\" srcset=\"https:\/\/slowlearning.eu\/wp-content\/uploads\/2020\/09\/Compendium-teacher-300px.jpg 300w, https:\/\/slowlearning.eu\/wp-content\/uploads\/2020\/09\/Compendium-teacher-300px-150x150.jpg 150w\" sizes=\"auto, (max-width: 300px) 100vw, 300px\" \/><\/p>\n<p>Priro\u010dnik je edinstven in inovativen paket obstoje\u010dih u\u010dinkovitih praks in orodij za pou\u010devanje starej\u0161ih s podro\u010dja informacijske tehnologije. Zagotovil bo, da bodo informacije v priro\u010dniku namenjene uporabi v nacionalnih izobra\u017eevalnih ustanovah \/ organizacijah \/ \u0161olah, ki \u017eelijo prepoznati inovativne in podporne prakse ter orodja za u\u010dinkovitej\u0161e delo s starej\u0161imi.<\/p>\n<p>Cilj je seznaniti uporabnike z vrsto u\u010dinkovitih praks in orodij pri pou\u010devanju seniorjev s podro\u010dja tehnologije. Izobra\u017eevalne ustanove \/ organizacije \/ \u0161ole (izobra\u017eevalna skupnost) bodo spodbujene k brskanju po priro\u010dniku in izbiri pristopov, ki ustrezajo potrebam dolo\u010denih vrst ponudnikov (poklicno izobra\u017eevanje ali izobra\u017eevanje odraslih).<\/p>\n<p>Priro\u010dnik bo klju\u010dna referenca za prilagajanje, posodabljanje in nadaljnji razvoj tehnik za pou\u010devanje starej\u0161ih odraslih s podro\u010dja informacijske tehnologije. Poleg tega bodo ti \u201ezapisi\u201c dobra osnova za izvajalce poklicnega izobra\u017eevanja in usposabljanja ter izobra\u017eevalne ustanove, ki so pripravljene svoje dejavnosti usmeriti v usposabljanje starej\u0161ih z bolj prakti\u010dnim in inovativnim pristopom, pa tudi za mentorje, da bodo razumeli, kako in na kaj naj se pri usposabljanju starej\u0161ih osredoto\u010dijo.<\/p>\n<p>[\/vc_column_text][\/vc_column][\/vc_row][vc_row][vc_column][dfd_portfolio_module posts_to_show=&#8221;20&#8243; items_offset=&#8221;40&#8243; columns=&#8221;4&#8243; portfolio_content_alignment=&#8221;text-center&#8221; portfolio_style=&#8221;fitRows&#8221; portfolio_categories=&#8221;cyprus-sl,denmark-sl,germany-sl,greece-sl,portugal-sl,slovenia-sl,spain-sl,united-kingdom-sl&#8221; portfolio_show_title=&#8221;on&#8221; image_width=&#8221;400&#8243; image_height=&#8221;200&#8243; tutorials=&#8221;&#8221;][\/vc_column][\/vc_row]<\/p>\n","protected":false},"excerpt":{"rendered":"<p>[vc_row][vc_column][vc_empty_space height=&#8221;60px&#8221;][vc_column_text] Priro\u010dnik Priro\u010dnik je edinstven in inovativen paket obstoje\u010dih u\u010dinkovitih praks in orodij za pou\u010devanje starej\u0161ih s podro\u010dja informacijske tehnologije. Zagotovil bo, da bodo informacije v priro\u010dniku namenjene uporabi<\/p>\n","protected":false},"author":1,"featured_media":3520,"parent":0,"menu_order":0,"comment_status":"closed","ping_status":"closed","template":"tmp-page.php","meta":{"footnotes":""},"class_list":["post-1947","page","type-page","status-publish","has-post-thumbnail","hentry"],"yoast_head":"<!-- This site is optimized with the Yoast SEO plugin v19.6 - https:\/\/yoast.com\/wordpress\/plugins\/seo\/ -->\n<title>Priro\u010dnik - SLOW LEARNING<\/title>\n<meta name=\"robots\" content=\"index, follow, max-snippet:-1, max-image-preview:large, max-video-preview:-1\" \/>\n<link rel=\"canonical\" href=\"https:\/\/slowlearning.eu\/sl\/prirocnik\/\" \/>\n<meta property=\"og:locale\" content=\"sl_SI\" \/>\n<meta property=\"og:type\" content=\"article\" \/>\n<meta property=\"og:title\" content=\"Priro\u010dnik - SLOW LEARNING\" \/>\n<meta property=\"og:description\" content=\"[vc_row][vc_column][vc_empty_space height=&#8221;60px&#8221;][vc_column_text] Priro\u010dnik Priro\u010dnik je edinstven in inovativen paket obstoje\u010dih u\u010dinkovitih praks in orodij za pou\u010devanje starej\u0161ih s podro\u010dja informacijske tehnologije. Zagotovil bo, da bodo informacije v priro\u010dniku namenjene uporabi\" \/>\n<meta property=\"og:url\" content=\"https:\/\/slowlearning.eu\/sl\/prirocnik\/\" \/>\n<meta property=\"og:site_name\" content=\"SLOW LEARNING\" \/>\n<meta property=\"article:modified_time\" content=\"2020-10-21T13:35:30+00:00\" \/>\n<meta property=\"og:image\" content=\"https:\/\/slowlearning.eu\/wp-content\/uploads\/2022\/04\/featured-image-compendium.jpg\" \/>\n\t<meta property=\"og:image:width\" content=\"1200\" \/>\n\t<meta property=\"og:image:height\" content=\"630\" \/>\n\t<meta property=\"og:image:type\" content=\"image\/jpeg\" \/>\n<meta name=\"twitter:card\" content=\"summary_large_image\" \/>\n<meta name=\"twitter:label1\" content=\"Est. reading time\" \/>\n\t<meta name=\"twitter:data1\" content=\"1 minuta\" \/>\n<script type=\"application\/ld+json\" class=\"yoast-schema-graph\">{\"@context\":\"https:\/\/schema.org\",\"@graph\":[{\"@type\":\"WebPage\",\"@id\":\"https:\/\/slowlearning.eu\/sl\/prirocnik\/\",\"url\":\"https:\/\/slowlearning.eu\/sl\/prirocnik\/\",\"name\":\"Priro\u010dnik - SLOW LEARNING\",\"isPartOf\":{\"@id\":\"https:\/\/slowlearning.eu\/el\/#website\"},\"datePublished\":\"2020-09-25T08:52:54+00:00\",\"dateModified\":\"2020-10-21T13:35:30+00:00\",\"breadcrumb\":{\"@id\":\"https:\/\/slowlearning.eu\/sl\/prirocnik\/#breadcrumb\"},\"inLanguage\":\"sl-SI\",\"potentialAction\":[{\"@type\":\"ReadAction\",\"target\":[\"https:\/\/slowlearning.eu\/sl\/prirocnik\/\"]}]},{\"@type\":\"BreadcrumbList\",\"@id\":\"https:\/\/slowlearning.eu\/sl\/prirocnik\/#breadcrumb\",\"itemListElement\":[{\"@type\":\"ListItem\",\"position\":1,\"name\":\"Home\",\"item\":\"https:\/\/slowlearning.eu\/sl\/\"},{\"@type\":\"ListItem\",\"position\":2,\"name\":\"Priro\u010dnik\"}]},{\"@type\":\"WebSite\",\"@id\":\"https:\/\/slowlearning.eu\/el\/#website\",\"url\":\"https:\/\/slowlearning.eu\/el\/\",\"name\":\"SLOW LEARNING\",\"description\":\"IT for elders\",\"potentialAction\":[{\"@type\":\"SearchAction\",\"target\":{\"@type\":\"EntryPoint\",\"urlTemplate\":\"https:\/\/slowlearning.eu\/el\/?s={search_term_string}\"},\"query-input\":\"required name=search_term_string\"}],\"inLanguage\":\"sl-SI\"}]}<\/script>\n<!-- \/ Yoast SEO plugin. -->","yoast_head_json":{"title":"Priro\u010dnik - SLOW LEARNING","robots":{"index":"index","follow":"follow","max-snippet":"max-snippet:-1","max-image-preview":"max-image-preview:large","max-video-preview":"max-video-preview:-1"},"canonical":"https:\/\/slowlearning.eu\/sl\/prirocnik\/","og_locale":"sl_SI","og_type":"article","og_title":"Priro\u010dnik - SLOW LEARNING","og_description":"[vc_row][vc_column][vc_empty_space height=&#8221;60px&#8221;][vc_column_text] Priro\u010dnik Priro\u010dnik je edinstven in inovativen paket obstoje\u010dih u\u010dinkovitih praks in orodij za pou\u010devanje starej\u0161ih s podro\u010dja informacijske tehnologije. Zagotovil bo, da bodo informacije v priro\u010dniku namenjene uporabi","og_url":"https:\/\/slowlearning.eu\/sl\/prirocnik\/","og_site_name":"SLOW LEARNING","article_modified_time":"2020-10-21T13:35:30+00:00","og_image":[{"width":1200,"height":630,"url":"https:\/\/slowlearning.eu\/wp-content\/uploads\/2022\/04\/featured-image-compendium.jpg","type":"image\/jpeg"}],"twitter_card":"summary_large_image","twitter_misc":{"Est. reading time":"1 minuta"},"schema":{"@context":"https:\/\/schema.org","@graph":[{"@type":"WebPage","@id":"https:\/\/slowlearning.eu\/sl\/prirocnik\/","url":"https:\/\/slowlearning.eu\/sl\/prirocnik\/","name":"Priro\u010dnik - SLOW LEARNING","isPartOf":{"@id":"https:\/\/slowlearning.eu\/el\/#website"},"datePublished":"2020-09-25T08:52:54+00:00","dateModified":"2020-10-21T13:35:30+00:00","breadcrumb":{"@id":"https:\/\/slowlearning.eu\/sl\/prirocnik\/#breadcrumb"},"inLanguage":"sl-SI","potentialAction":[{"@type":"ReadAction","target":["https:\/\/slowlearning.eu\/sl\/prirocnik\/"]}]},{"@type":"BreadcrumbList","@id":"https:\/\/slowlearning.eu\/sl\/prirocnik\/#breadcrumb","itemListElement":[{"@type":"ListItem","position":1,"name":"Home","item":"https:\/\/slowlearning.eu\/sl\/"},{"@type":"ListItem","position":2,"name":"Priro\u010dnik"}]},{"@type":"WebSite","@id":"https:\/\/slowlearning.eu\/el\/#website","url":"https:\/\/slowlearning.eu\/el\/","name":"SLOW LEARNING","description":"IT for elders","potentialAction":[{"@type":"SearchAction","target":{"@type":"EntryPoint","urlTemplate":"https:\/\/slowlearning.eu\/el\/?s={search_term_string}"},"query-input":"required name=search_term_string"}],"inLanguage":"sl-SI"}]}},"_links":{"self":[{"href":"https:\/\/slowlearning.eu\/sl\/wp-json\/wp\/v2\/pages\/1947","targetHints":{"allow":["GET"]}}],"collection":[{"href":"https:\/\/slowlearning.eu\/sl\/wp-json\/wp\/v2\/pages"}],"about":[{"href":"https:\/\/slowlearning.eu\/sl\/wp-json\/wp\/v2\/types\/page"}],"author":[{"embeddable":true,"href":"https:\/\/slowlearning.eu\/sl\/wp-json\/wp\/v2\/users\/1"}],"replies":[{"embeddable":true,"href":"https:\/\/slowlearning.eu\/sl\/wp-json\/wp\/v2\/comments?post=1947"}],"version-history":[{"count":3,"href":"https:\/\/slowlearning.eu\/sl\/wp-json\/wp\/v2\/pages\/1947\/revisions"}],"predecessor-version":[{"id":3036,"href":"https:\/\/slowlearning.eu\/sl\/wp-json\/wp\/v2\/pages\/1947\/revisions\/3036"}],"wp:featuredmedia":[{"embeddable":true,"href":"https:\/\/slowlearning.eu\/sl\/wp-json\/wp\/v2\/media\/3520"}],"wp:attachment":[{"href":"https:\/\/slowlearning.eu\/sl\/wp-json\/wp\/v2\/media?parent=1947"}],"curies":[{"name":"wp","href":"https:\/\/api.w.org\/{rel}","templated":true}]}}