{"id":1941,"date":"2020-09-25T11:44:29","date_gmt":"2020-09-25T08:44:29","guid":{"rendered":"https:\/\/slowlearning.eu\/projekt\/"},"modified":"2020-09-25T12:24:33","modified_gmt":"2020-09-25T09:24:33","slug":"projekt","status":"publish","type":"page","link":"https:\/\/slowlearning.eu\/sl\/projekt\/","title":{"rendered":"projekt"},"content":{"rendered":"<p>[vc_row][vc_column][vc_column_text]<\/p>\n<h2 style=\"text-align: center;\">Zakaj potrebujemo projekt slowlearning u\u010denje?<\/h2>\n<p>[\/vc_column_text][vc_column_text]<\/p>\n<p style=\"text-align: justify;\"><img loading=\"lazy\" decoding=\"async\" class=\"size-full wp-image-812 alignleft\" src=\"https:\/\/slowlearning.eu\/wp-content\/uploads\/2020\/03\/snails-project-menu-01_300p.png\" alt=\"slowlearning PGA\" width=\"300\" height=\"300\" srcset=\"https:\/\/slowlearning.eu\/wp-content\/uploads\/2020\/03\/snails-project-menu-01_300p.png 300w, https:\/\/slowlearning.eu\/wp-content\/uploads\/2020\/03\/snails-project-menu-01_300p-150x150.png 150w\" sizes=\"auto, (max-width: 300px) 100vw, 300px\" \/><\/p>\n<p>U\u010denje in izobra\u017eevanje lahko igrata zelo pomembno vlogo pri zmanj\u0161evanju starostne segregacije, saj urejata neravnovesje med generacijami ter starej\u0161im odpirata nove mo\u017enosti za socialno vklju\u010denost.<br \/>Kljub dejstvu, da je treba zagotoviti bolj\u0161e mo\u017enosti za izobra\u017eevanje starej\u0161ih in medgeneracijsko izobra\u017eevanje in u\u010denje, je izobra\u017eevanje starej\u0161ih \u0161e danes obrobna dejavnost, kar se ka\u017ee v razvoju teorije in prakse na tem podro\u010dju (zlasti pri razvoju programov in ve\u0161\u010din izvajalcev izobra\u017eevanja za starej\u0161e).<\/p>\n<p>Usposabljanje starej\u0161ih zahteva andrago\u0161ko dobro usposobljene izvajalce, ki poznajo teorijo in prakso izobra\u017eevanja odraslih, \u0161e posebej seniorjev, poznajo zna\u010dilnosti \u017eivljenjskega poteka pripadnikov razli\u010dnih starostnih skupin in vplive na pripravljenost za izobra\u017eevanje, razumejo, da so starej\u0161i izredno raznolika skupina u\u010de\u010dih se z zelo razli\u010dnimi potrebami, ki zahtevajo prilagojene pristope in na\u010dine dela v izobra\u017eevalnih programih.<\/p>\n<p>Glavna te\u017eava, s katero se soo\u010dajo u\u010ditelji informacijske tehnologije, je ta, da nimajo potrebnih ve\u0161\u010din in kompetenc za izobra\u017eevanje starej\u0161ih o novih tehnologijah. Mentorji starej\u0161ih, \u0161e posebej u\u010ditelji IT, potrebujejo znanje o starej\u0161ih in sodoben pogled na starost v dru\u017ebi. Po eni strani se zavedajo, da starej\u0161i ljudje niso vsi enaki, da so si celo zelo razli\u010dni ter da se med seboj bolj razlikujejo kot razli\u010dni pripadniki mlaj\u0161ih generacij, po drugi strani pa tudi vedo, da jim manjka teoreti\u010dnih in prakti\u010dnih znanj o u\u010dinkovitej\u0161ih metodah dela s to ciljno skupino. Veliko u\u010diteljev bolj sodi v skupino pedagogov (v formalnem \u0161olskem sistemu izobra\u017eevanja) kot v skupino andragogov, torej tistih s poznavanjem sodobnih delovnih metod in u\u010dnih smernic za starej\u0161e odrasle.<\/p>\n<p>[\/vc_column_text][vc_empty_space height=&#8221;40px&#8221;][\/vc_column][\/vc_row][vc_row][vc_column width=&#8221;3\/4&#8243; col_shadow=&#8221;box_shadow_enable:disable|shadow_horizontal:0|shadow_vertical:15|shadow_blur:50|shadow_spread:0|box_shadow_color:rgba(0%2C0%2C0%2C0.35)&#8221; col_shadow_hover=&#8221;box_shadow_enable:disable|shadow_horizontal:0|shadow_vertical:15|shadow_blur:50|shadow_spread:0|box_shadow_color:rgba(0%2C0%2C0%2C0.35)&#8221;][vc_column_text]<\/p>\n<h2 style=\"text-align: center;\">Cilji<\/h2>\n<p>Glavni cilji projekta so:<\/p>\n<ul>\n<li>Bolj\u0161e razumevanje pri\u010dakovanj in potreb starej\u0161ih v u\u010dnih okoljih s poudarkom na <br \/>usposabljanju s podro\u010dja informacijske tehnologije;<\/li>\n<li>Izbolj\u0161ano znanje ter uporaba pedago\u0161kih orodij in novih tehnologij pri izobra\u017eevanju starej\u0161ih;<\/li>\n<li>Izmenjava dobrih praks med partnerji;<\/li>\n<li>Ustvariti osnovne teoreti\u010dne temelje za izvajanje izobra\u017eevanja informacijske tehnologije za seniorje;<\/li>\n<li>Spoznati starej\u0161e odrasle kot izjemno raznoliko skupino u\u010de\u010dih se odraslih, za katere se pripravlja izobra\u017eevanje glede na njihove potrebe in posebej zanje<\/li>\n<\/ul>\n<p>[\/vc_column_text][vc_empty_space height=&#8221;40px&#8221;][\/vc_column][vc_column width=&#8221;1\/4&#8243; col_shadow=&#8221;box_shadow_enable:disable|shadow_horizontal:0|shadow_vertical:15|shadow_blur:50|shadow_spread:0|box_shadow_color:rgba(0%2C0%2C0%2C0.35)&#8221; col_shadow_hover=&#8221;box_shadow_enable:disable|shadow_horizontal:0|shadow_vertical:15|shadow_blur:50|shadow_spread:0|box_shadow_color:rgba(0%2C0%2C0%2C0.35)&#8221;]<\/p>\n<p>[dfd_single_image image=&#8221;814&#8243;][vc_empty_space height=&#8221;40px&#8221;]<\/p>\n<p>[\/vc_column][\/vc_row][vc_row][vc_column width=&#8221;1\/4&#8243;]<\/p>\n<p>[dfd_single_image image=&#8221;1059&#8243;][vc_empty_space height=&#8221;40px&#8221;]<\/p>\n<p>[\/vc_column][vc_column width=&#8221;3\/4&#8243;][vc_column_text]<\/p>\n<h2 style=\"text-align: center;\">Ciljne skupine<\/h2>\n<p>Primarne ciljne skupine projekta so izobra\u017eevalci odraslih, u\u010ditelji, mentorji, trenerji, strokovnjaki na podro\u010dju IT, ki bodo:<\/p>\n<ul>\n<li>pridobili potrebno ozave\u0161\u010denost, znanja in pedago\u0161ka orodja;<\/li>\n<li>razvili klju\u010dne kompetence za delo s starej\u0161imi;<\/li>\n<li>uvedli prakti\u010dne spretnosti za pove\u010danje kakovosti in u\u010dinkovitosti izvajanja neformalnih u\u010dnih programov s podro\u010dja informacijske tehnologije za starej\u0161e<\/li>\n<\/ul>\n<p>Sekundarna ciljna skupina so seniorji, na katere bo vplivala ve\u010dja dostopnost do neformalnih u\u010dnih dejavnosti s podro\u010dja informacijske tehnologije, posebej prilagojenih njihovim potrebam in pri\u010dakovanjem.<\/p>\n<p>[\/vc_column_text][vc_empty_space height=&#8221;40px&#8221;][\/vc_column][\/vc_row][vc_row][vc_column width=&#8221;3\/4&#8243;][vc_column_text]<\/p>\n<h2 style=\"text-align: center;\">Rezultati<\/h2>\n<p>Kratek opis rezultatov:<\/p>\n<ul>\n<li>\n<h5><a href=\"https:\/\/slowlearning.eu\/sl\/prirocnik\/\" target=\"_blank\" rel=\"noopener noreferrer\">Priro\u010dnik obstoje\u010dih inovativnih in u\u010dinkovitih praks in orodij za pou\u010devanje tehnologije za starej\u0161e<\/a><\/h5>\n<\/li>\n<li>\n<h5><a href=\"https:\/\/slowlearning.eu\/sl\/it-mentor-delovni-profil\/\" target=\"_blank\" rel=\"noopener noreferrer\">Delovni profil IT mentorjev za seniorje<\/a><\/h5>\n<\/li>\n<li>\n<h5><a href=\"https:\/\/slowlearning.eu\/sl\/usposabljanje\/\" target=\"_blank\" rel=\"noopener noreferrer\">Program usposabljanja za IT mentorje<\/a><\/h5>\n<\/li>\n<li>\n<h5><span style=\"color: #521e98;\">Video za izmenjavo uspe\u0161nih praks u\u010diteljev in starej\u0161ih<\/span><\/h5>\n<\/li>\n<\/ul>\n<p>[\/vc_column_text][vc_empty_space height=&#8221;40px&#8221;][\/vc_column][vc_column width=&#8221;1\/4&#8243;]<\/p>\n<p>[dfd_single_image image=&#8221;819&#8243; tutorials=&#8221;&#8221;][vc_empty_space height=&#8221;40px&#8221;]<\/p>\n<p>[\/vc_column][\/vc_row][vc_row][vc_column width=&#8221;1\/4&#8243;]<\/p>\n<p>[dfd_single_image image=&#8221;824&#8243;][vc_empty_space height=&#8221;40px&#8221;]<\/p>\n<p>[\/vc_column][vc_column width=&#8221;3\/4&#8243;][vc_column_text]<\/p>\n<h2 style=\"text-align: center;\">Vpliv projekta Gurmansko u\u010denje<\/h2>\n<p style=\"text-align: justify;\">Predvideni vpliv in potencialne dolgoro\u010dne koristi projekta za \u0399\u03a4 mentorje starej\u0161ih:<\/p>\n<ul>\n<li style=\"text-align: justify;\">Ustvarjena orodja bodo ostala znotraj delovne kulture sodelujo\u010dih organizacij in bodo postala nov na\u010din za izvajanje strate\u0161kih ukrepov, katerih cilj je oblikovanje poklicnega profila IT mentorjev za izobra\u017eevanje starej\u0161ih<\/li>\n<li style=\"text-align: justify;\">Metodologije in orodja za usposabljanje bodo na voljo na spletni strani in v skupnosti ponudnikov izobra\u017eevanj odraslih ter IT-strokovnjakov. Lahko jih bodo prosto uporabljali, razmno\u017eevali ali prilagodili novim oblikam na razli\u010dne na\u010dine ter tako dosegli \u0161iroko paleto kon\u010dnih uporabnikov<\/li>\n<li style=\"text-align: justify;\">Mre\u017ea tega projekta bo postala tudi prostor, kjer bodo organizacije lahko delile svoje uspe\u0161ne prakse, orodja, metodologije in tudi izzive ter dose\u017eene rezultate.<\/li>\n<\/ul>\n<p>[\/vc_column_text][vc_empty_space height=&#8221;40px&#8221;][\/vc_column][\/vc_row]<\/p>\n","protected":false},"excerpt":{"rendered":"<p>[vc_row][vc_column][vc_column_text] Zakaj potrebujemo projekt slowlearning u\u010denje? [\/vc_column_text][vc_column_text] U\u010denje in izobra\u017eevanje lahko igrata zelo pomembno vlogo pri zmanj\u0161evanju starostne segregacije, saj urejata neravnovesje med generacijami ter starej\u0161im odpirata nove mo\u017enosti za<\/p>\n","protected":false},"author":1,"featured_media":1240,"parent":0,"menu_order":0,"comment_status":"closed","ping_status":"closed","template":"tmp-page.php","meta":{"footnotes":""},"class_list":["post-1941","page","type-page","status-publish","has-post-thumbnail","hentry"],"yoast_head":"<!-- This site is optimized with the Yoast SEO plugin v19.6 - https:\/\/yoast.com\/wordpress\/plugins\/seo\/ -->\n<title>projekt - SLOW LEARNING<\/title>\n<meta name=\"description\" content=\"Oglejte si podrobnosti na\u0161ega projekta po\u010dasnega u\u010denja. Kako moramo u\u010diti starej\u0161e o osnovnih aplikacijah IT, ki se uporabljajo v na\u0161i vsakdanji? Pa ugotovimo!\" \/>\n<meta name=\"robots\" content=\"index, follow, max-snippet:-1, max-image-preview:large, max-video-preview:-1\" \/>\n<link rel=\"canonical\" href=\"https:\/\/slowlearning.eu\/sl\/projekt\/\" \/>\n<meta property=\"og:locale\" content=\"sl_SI\" \/>\n<meta property=\"og:type\" content=\"article\" \/>\n<meta property=\"og:title\" content=\"projekt - SLOW LEARNING\" \/>\n<meta property=\"og:description\" content=\"Oglejte si podrobnosti na\u0161ega projekta po\u010dasnega u\u010denja. Kako moramo u\u010diti starej\u0161e o osnovnih aplikacijah IT, ki se uporabljajo v na\u0161i vsakdanji? Pa ugotovimo!\" \/>\n<meta property=\"og:url\" content=\"https:\/\/slowlearning.eu\/sl\/projekt\/\" \/>\n<meta property=\"og:site_name\" content=\"SLOW LEARNING\" \/>\n<meta property=\"article:modified_time\" content=\"2020-09-25T09:24:33+00:00\" \/>\n<meta property=\"og:image\" content=\"https:\/\/slowlearning.eu\/wp-content\/uploads\/2020\/03\/featured-image-project.jpg\" \/>\n\t<meta property=\"og:image:width\" content=\"1200\" \/>\n\t<meta property=\"og:image:height\" content=\"630\" \/>\n\t<meta property=\"og:image:type\" content=\"image\/jpeg\" \/>\n<meta name=\"twitter:card\" content=\"summary_large_image\" \/>\n<meta name=\"twitter:label1\" content=\"Est. reading time\" \/>\n\t<meta name=\"twitter:data1\" content=\"4 minute\" \/>\n<script type=\"application\/ld+json\" class=\"yoast-schema-graph\">{\"@context\":\"https:\/\/schema.org\",\"@graph\":[{\"@type\":\"WebPage\",\"@id\":\"https:\/\/slowlearning.eu\/sl\/projekt\/\",\"url\":\"https:\/\/slowlearning.eu\/sl\/projekt\/\",\"name\":\"projekt - SLOW LEARNING\",\"isPartOf\":{\"@id\":\"https:\/\/slowlearning.eu\/el\/#website\"},\"datePublished\":\"2020-09-25T08:44:29+00:00\",\"dateModified\":\"2020-09-25T09:24:33+00:00\",\"description\":\"Oglejte si podrobnosti na\u0161ega projekta po\u010dasnega u\u010denja. Kako moramo u\u010diti starej\u0161e o osnovnih aplikacijah IT, ki se uporabljajo v na\u0161i vsakdanji? Pa ugotovimo!\",\"breadcrumb\":{\"@id\":\"https:\/\/slowlearning.eu\/sl\/projekt\/#breadcrumb\"},\"inLanguage\":\"sl-SI\",\"potentialAction\":[{\"@type\":\"ReadAction\",\"target\":[\"https:\/\/slowlearning.eu\/sl\/projekt\/\"]}]},{\"@type\":\"BreadcrumbList\",\"@id\":\"https:\/\/slowlearning.eu\/sl\/projekt\/#breadcrumb\",\"itemListElement\":[{\"@type\":\"ListItem\",\"position\":1,\"name\":\"Home\",\"item\":\"https:\/\/slowlearning.eu\/sl\/\"},{\"@type\":\"ListItem\",\"position\":2,\"name\":\"projekt\"}]},{\"@type\":\"WebSite\",\"@id\":\"https:\/\/slowlearning.eu\/el\/#website\",\"url\":\"https:\/\/slowlearning.eu\/el\/\",\"name\":\"SLOW LEARNING\",\"description\":\"IT for elders\",\"potentialAction\":[{\"@type\":\"SearchAction\",\"target\":{\"@type\":\"EntryPoint\",\"urlTemplate\":\"https:\/\/slowlearning.eu\/el\/?s={search_term_string}\"},\"query-input\":\"required name=search_term_string\"}],\"inLanguage\":\"sl-SI\"}]}<\/script>\n<!-- \/ Yoast SEO plugin. -->","yoast_head_json":{"title":"projekt - SLOW LEARNING","description":"Oglejte si podrobnosti na\u0161ega projekta po\u010dasnega u\u010denja. Kako moramo u\u010diti starej\u0161e o osnovnih aplikacijah IT, ki se uporabljajo v na\u0161i vsakdanji? Pa ugotovimo!","robots":{"index":"index","follow":"follow","max-snippet":"max-snippet:-1","max-image-preview":"max-image-preview:large","max-video-preview":"max-video-preview:-1"},"canonical":"https:\/\/slowlearning.eu\/sl\/projekt\/","og_locale":"sl_SI","og_type":"article","og_title":"projekt - SLOW LEARNING","og_description":"Oglejte si podrobnosti na\u0161ega projekta po\u010dasnega u\u010denja. Kako moramo u\u010diti starej\u0161e o osnovnih aplikacijah IT, ki se uporabljajo v na\u0161i vsakdanji? Pa ugotovimo!","og_url":"https:\/\/slowlearning.eu\/sl\/projekt\/","og_site_name":"SLOW LEARNING","article_modified_time":"2020-09-25T09:24:33+00:00","og_image":[{"width":1200,"height":630,"url":"https:\/\/slowlearning.eu\/wp-content\/uploads\/2020\/03\/featured-image-project.jpg","type":"image\/jpeg"}],"twitter_card":"summary_large_image","twitter_misc":{"Est. reading time":"4 minute"},"schema":{"@context":"https:\/\/schema.org","@graph":[{"@type":"WebPage","@id":"https:\/\/slowlearning.eu\/sl\/projekt\/","url":"https:\/\/slowlearning.eu\/sl\/projekt\/","name":"projekt - SLOW LEARNING","isPartOf":{"@id":"https:\/\/slowlearning.eu\/el\/#website"},"datePublished":"2020-09-25T08:44:29+00:00","dateModified":"2020-09-25T09:24:33+00:00","description":"Oglejte si podrobnosti na\u0161ega projekta po\u010dasnega u\u010denja. Kako moramo u\u010diti starej\u0161e o osnovnih aplikacijah IT, ki se uporabljajo v na\u0161i vsakdanji? Pa ugotovimo!","breadcrumb":{"@id":"https:\/\/slowlearning.eu\/sl\/projekt\/#breadcrumb"},"inLanguage":"sl-SI","potentialAction":[{"@type":"ReadAction","target":["https:\/\/slowlearning.eu\/sl\/projekt\/"]}]},{"@type":"BreadcrumbList","@id":"https:\/\/slowlearning.eu\/sl\/projekt\/#breadcrumb","itemListElement":[{"@type":"ListItem","position":1,"name":"Home","item":"https:\/\/slowlearning.eu\/sl\/"},{"@type":"ListItem","position":2,"name":"projekt"}]},{"@type":"WebSite","@id":"https:\/\/slowlearning.eu\/el\/#website","url":"https:\/\/slowlearning.eu\/el\/","name":"SLOW LEARNING","description":"IT for elders","potentialAction":[{"@type":"SearchAction","target":{"@type":"EntryPoint","urlTemplate":"https:\/\/slowlearning.eu\/el\/?s={search_term_string}"},"query-input":"required name=search_term_string"}],"inLanguage":"sl-SI"}]}},"_links":{"self":[{"href":"https:\/\/slowlearning.eu\/sl\/wp-json\/wp\/v2\/pages\/1941","targetHints":{"allow":["GET"]}}],"collection":[{"href":"https:\/\/slowlearning.eu\/sl\/wp-json\/wp\/v2\/pages"}],"about":[{"href":"https:\/\/slowlearning.eu\/sl\/wp-json\/wp\/v2\/types\/page"}],"author":[{"embeddable":true,"href":"https:\/\/slowlearning.eu\/sl\/wp-json\/wp\/v2\/users\/1"}],"replies":[{"embeddable":true,"href":"https:\/\/slowlearning.eu\/sl\/wp-json\/wp\/v2\/comments?post=1941"}],"version-history":[{"count":5,"href":"https:\/\/slowlearning.eu\/sl\/wp-json\/wp\/v2\/pages\/1941\/revisions"}],"predecessor-version":[{"id":1983,"href":"https:\/\/slowlearning.eu\/sl\/wp-json\/wp\/v2\/pages\/1941\/revisions\/1983"}],"wp:featuredmedia":[{"embeddable":true,"href":"https:\/\/slowlearning.eu\/sl\/wp-json\/wp\/v2\/media\/1240"}],"wp:attachment":[{"href":"https:\/\/slowlearning.eu\/sl\/wp-json\/wp\/v2\/media?parent=1941"}],"curies":[{"name":"wp","href":"https:\/\/api.w.org\/{rel}","templated":true}]}}