{"id":2015,"date":"2020-09-25T13:44:52","date_gmt":"2020-09-25T10:44:52","guid":{"rendered":"https:\/\/slowlearning.eu\/perfil-profesional-del-de-la-formador-a-en-tic\/"},"modified":"2020-09-25T13:58:59","modified_gmt":"2020-09-25T10:58:59","slug":"perfil-profesional-del-de-la-formador-a-en-tic","status":"publish","type":"page","link":"https:\/\/slowlearning.eu\/es\/perfil-profesional-del-de-la-formador-a-en-tic\/","title":{"rendered":"Perfil Profesional del\/de la formador\/a en TIC"},"content":{"rendered":"<p>[vc_row][vc_column][vc_empty_space height=\u00bb100px\u00bb][vc_column_text]<\/p>\n<h2 style=\"text-align: center;\">Perfil Profesional de los\/las Formadores\/as en TIC para personas mayores<\/h2>\n<p>[\/vc_column_text][\/vc_column][\/vc_row][vc_row force_equal_height_columns=\u00bbmain_row\u00bb][vc_column width=\u00bb1\/3&#8243;]<\/p>\n<p>[dfd_single_image image=\u00bb1042&#8243;]<\/p>\n<p>[\/vc_column][vc_column width=\u00bb2\/3&#8243;][vc_column_text]<\/p>\n<p>Hoy en d\u00eda es necesario que exista el perfil profesional para <a href=\"https:\/\/slowlearning.eu\/es\/formacion\/\" target=\"_blank\" rel=\"noopener noreferrer\">formador\/a en TIC<\/a> para personas mayores. Dicho profesional deber\u00eda estar capacitado\/a para dise\u00f1ar e impartir un programa formativo en TIC centrado en las necesidades de las personas mayores y ser experto\/a en habilidades de Usuario. Tambi\u00e9n es imprescindible tener que tenga conocimiento sobre el deterioro cognitivo vinculado a la edad.<\/p>\n<p>[\/vc_column_text][\/vc_column][\/vc_row][vc_row][vc_column][vc_column_text]<\/p>\n<blockquote><p>Un\/a formador\/a en TIC para personas mayores tiene que saber c\u00f3mo tratar con las personas mayores.<\/p><\/blockquote>\n<p>El envejecimiento acarrea consigo dificultades de aprendizaje. El proceso de envejecimiento trae consigo un deterioro natural de la funci\u00f3n cerebral causando debilitamiento progresivo de la concentraci\u00f3n, la memoria y la flexibilidad mental. La capacidad de generar nuevas sinapsis entre neuronas en respuesta a est\u00edmulos externos, como el aprendizaje y la formaci\u00f3n, disminuyen; por lo tanto, adquirir nuevos conocimientos y habilidades con la edad resulta cada vez m\u00e1s dif\u00edcil.<\/p>\n<p>Los socios del proyecto trabajar\u00e1n conjuntamente con instituciones, centros de formaci\u00f3n, formadores\/as en TIC y personas de la tercera edad, con el fin de definir el perfil profesional de un\/a formador\/a en TIC para personas mayores.<\/p>\n<p>Por ejemplo, es importante:<\/p>\n<ul>\n<li>Llevar a cabo el an\u00e1lisis de las necesidades de formaci\u00f3n<\/li>\n<li>Dise\u00f1ar programas formativos alineados con las necesidades requeridas<\/li>\n<li>Asegurar que el entorno de aprendizaje y los recursos apoyen las necesidades de los\/las estudiantes<\/li>\n<li>Dise\u00f1ar materiales y documentos para el curso, tales como folletos, manuales y ejercicios en funci\u00f3n de los\/las estudiantes.<\/li>\n<\/ul>\n<p>&nbsp;<\/p>\n<h4 style=\"text-align: center;\"><em>El resultado final ser\u00e1 la creaci\u00f3n del perfil profesional de los\/las formdadores\/as en TIC para personas mayores.<\/em><\/h4>\n<p>[\/vc_column_text][vc_empty_space height=\u00bb50px\u00bb][\/vc_column][\/vc_row]<\/p>\n","protected":false},"excerpt":{"rendered":"<p>[vc_row][vc_column][vc_empty_space height=\u00bb100px\u00bb][vc_column_text] Perfil Profesional de los\/las Formadores\/as en TIC para personas mayores [\/vc_column_text][\/vc_column][\/vc_row][vc_row force_equal_height_columns=\u00bbmain_row\u00bb][vc_column width=\u00bb1\/3&#8243;] [dfd_single_image image=\u00bb1042&#8243;] [\/vc_column][vc_column width=\u00bb2\/3&#8243;][vc_column_text] Hoy en d\u00eda es necesario que exista el perfil profesional para<\/p>\n","protected":false},"author":1,"featured_media":1251,"parent":0,"menu_order":0,"comment_status":"closed","ping_status":"closed","template":"tmp-page.php","meta":{"footnotes":""},"class_list":["post-2015","page","type-page","status-publish","has-post-thumbnail","hentry"],"yoast_head":"<!-- This site is optimized with the Yoast SEO plugin v19.6 - https:\/\/yoast.com\/wordpress\/plugins\/seo\/ -->\n<title>Perfil Profesional del\/de la formador\/a en TIC - SLOW LEARNING<\/title>\n<meta name=\"description\" content=\"Ser capacitador de personas mayores en TI no es una tarea f\u00e1cil. Necesita habilidades especiales necesarias para tal misi\u00f3n. \u00a1De este proyecto se crear\u00e1 un perfil de trabajo!\" \/>\n<meta name=\"robots\" content=\"index, follow, max-snippet:-1, max-image-preview:large, max-video-preview:-1\" \/>\n<link rel=\"canonical\" href=\"https:\/\/slowlearning.eu\/es\/perfil-profesional-del-de-la-formador-a-en-tic\/\" \/>\n<meta property=\"og:locale\" content=\"es_ES\" \/>\n<meta property=\"og:type\" content=\"article\" \/>\n<meta property=\"og:title\" content=\"Perfil Profesional del\/de la formador\/a en TIC - SLOW LEARNING\" \/>\n<meta property=\"og:description\" content=\"Ser capacitador de personas mayores en TI no es una tarea f\u00e1cil. Necesita habilidades especiales necesarias para tal misi\u00f3n. \u00a1De este proyecto se crear\u00e1 un perfil de trabajo!\" \/>\n<meta property=\"og:url\" content=\"https:\/\/slowlearning.eu\/es\/perfil-profesional-del-de-la-formador-a-en-tic\/\" \/>\n<meta property=\"og:site_name\" content=\"SLOW LEARNING\" \/>\n<meta property=\"article:modified_time\" content=\"2020-09-25T10:58:59+00:00\" \/>\n<meta property=\"og:image\" content=\"https:\/\/slowlearning.eu\/wp-content\/uploads\/2020\/03\/featured-image-IT-trainer.jpg\" \/>\n\t<meta property=\"og:image:width\" content=\"1200\" \/>\n\t<meta property=\"og:image:height\" content=\"630\" \/>\n\t<meta property=\"og:image:type\" content=\"image\/jpeg\" \/>\n<meta name=\"twitter:card\" content=\"summary_large_image\" \/>\n<meta name=\"twitter:label1\" content=\"Tiempo de lectura\" \/>\n\t<meta name=\"twitter:data1\" content=\"2 minutos\" \/>\n<script type=\"application\/ld+json\" class=\"yoast-schema-graph\">{\"@context\":\"https:\/\/schema.org\",\"@graph\":[{\"@type\":\"WebPage\",\"@id\":\"https:\/\/slowlearning.eu\/es\/perfil-profesional-del-de-la-formador-a-en-tic\/\",\"url\":\"https:\/\/slowlearning.eu\/es\/perfil-profesional-del-de-la-formador-a-en-tic\/\",\"name\":\"Perfil Profesional del\/de la formador\/a en TIC - SLOW LEARNING\",\"isPartOf\":{\"@id\":\"https:\/\/slowlearning.eu\/el\/#website\"},\"datePublished\":\"2020-09-25T10:44:52+00:00\",\"dateModified\":\"2020-09-25T10:58:59+00:00\",\"description\":\"Ser capacitador de personas mayores en TI no es una tarea f\u00e1cil. Necesita habilidades especiales necesarias para tal misi\u00f3n. \u00a1De este proyecto se crear\u00e1 un perfil de trabajo!\",\"breadcrumb\":{\"@id\":\"https:\/\/slowlearning.eu\/es\/perfil-profesional-del-de-la-formador-a-en-tic\/#breadcrumb\"},\"inLanguage\":\"es\",\"potentialAction\":[{\"@type\":\"ReadAction\",\"target\":[\"https:\/\/slowlearning.eu\/es\/perfil-profesional-del-de-la-formador-a-en-tic\/\"]}]},{\"@type\":\"BreadcrumbList\",\"@id\":\"https:\/\/slowlearning.eu\/es\/perfil-profesional-del-de-la-formador-a-en-tic\/#breadcrumb\",\"itemListElement\":[{\"@type\":\"ListItem\",\"position\":1,\"name\":\"Home\",\"item\":\"https:\/\/slowlearning.eu\/es\/\"},{\"@type\":\"ListItem\",\"position\":2,\"name\":\"Perfil Profesional del\/de la formador\/a en TIC\"}]},{\"@type\":\"WebSite\",\"@id\":\"https:\/\/slowlearning.eu\/el\/#website\",\"url\":\"https:\/\/slowlearning.eu\/el\/\",\"name\":\"SLOW LEARNING\",\"description\":\"IT for elders\",\"potentialAction\":[{\"@type\":\"SearchAction\",\"target\":{\"@type\":\"EntryPoint\",\"urlTemplate\":\"https:\/\/slowlearning.eu\/el\/?s={search_term_string}\"},\"query-input\":\"required name=search_term_string\"}],\"inLanguage\":\"es\"}]}<\/script>\n<!-- \/ Yoast SEO plugin. -->","yoast_head_json":{"title":"Perfil Profesional del\/de la formador\/a en TIC - SLOW LEARNING","description":"Ser capacitador de personas mayores en TI no es una tarea f\u00e1cil. Necesita habilidades especiales necesarias para tal misi\u00f3n. \u00a1De este proyecto se crear\u00e1 un perfil de trabajo!","robots":{"index":"index","follow":"follow","max-snippet":"max-snippet:-1","max-image-preview":"max-image-preview:large","max-video-preview":"max-video-preview:-1"},"canonical":"https:\/\/slowlearning.eu\/es\/perfil-profesional-del-de-la-formador-a-en-tic\/","og_locale":"es_ES","og_type":"article","og_title":"Perfil Profesional del\/de la formador\/a en TIC - SLOW LEARNING","og_description":"Ser capacitador de personas mayores en TI no es una tarea f\u00e1cil. Necesita habilidades especiales necesarias para tal misi\u00f3n. \u00a1De este proyecto se crear\u00e1 un perfil de trabajo!","og_url":"https:\/\/slowlearning.eu\/es\/perfil-profesional-del-de-la-formador-a-en-tic\/","og_site_name":"SLOW LEARNING","article_modified_time":"2020-09-25T10:58:59+00:00","og_image":[{"width":1200,"height":630,"url":"https:\/\/slowlearning.eu\/wp-content\/uploads\/2020\/03\/featured-image-IT-trainer.jpg","type":"image\/jpeg"}],"twitter_card":"summary_large_image","twitter_misc":{"Tiempo de lectura":"2 minutos"},"schema":{"@context":"https:\/\/schema.org","@graph":[{"@type":"WebPage","@id":"https:\/\/slowlearning.eu\/es\/perfil-profesional-del-de-la-formador-a-en-tic\/","url":"https:\/\/slowlearning.eu\/es\/perfil-profesional-del-de-la-formador-a-en-tic\/","name":"Perfil Profesional del\/de la formador\/a en TIC - SLOW LEARNING","isPartOf":{"@id":"https:\/\/slowlearning.eu\/el\/#website"},"datePublished":"2020-09-25T10:44:52+00:00","dateModified":"2020-09-25T10:58:59+00:00","description":"Ser capacitador de personas mayores en TI no es una tarea f\u00e1cil. Necesita habilidades especiales necesarias para tal misi\u00f3n. \u00a1De este proyecto se crear\u00e1 un perfil de trabajo!","breadcrumb":{"@id":"https:\/\/slowlearning.eu\/es\/perfil-profesional-del-de-la-formador-a-en-tic\/#breadcrumb"},"inLanguage":"es","potentialAction":[{"@type":"ReadAction","target":["https:\/\/slowlearning.eu\/es\/perfil-profesional-del-de-la-formador-a-en-tic\/"]}]},{"@type":"BreadcrumbList","@id":"https:\/\/slowlearning.eu\/es\/perfil-profesional-del-de-la-formador-a-en-tic\/#breadcrumb","itemListElement":[{"@type":"ListItem","position":1,"name":"Home","item":"https:\/\/slowlearning.eu\/es\/"},{"@type":"ListItem","position":2,"name":"Perfil Profesional del\/de la formador\/a en TIC"}]},{"@type":"WebSite","@id":"https:\/\/slowlearning.eu\/el\/#website","url":"https:\/\/slowlearning.eu\/el\/","name":"SLOW LEARNING","description":"IT for elders","potentialAction":[{"@type":"SearchAction","target":{"@type":"EntryPoint","urlTemplate":"https:\/\/slowlearning.eu\/el\/?s={search_term_string}"},"query-input":"required name=search_term_string"}],"inLanguage":"es"}]}},"_links":{"self":[{"href":"https:\/\/slowlearning.eu\/es\/wp-json\/wp\/v2\/pages\/2015","targetHints":{"allow":["GET"]}}],"collection":[{"href":"https:\/\/slowlearning.eu\/es\/wp-json\/wp\/v2\/pages"}],"about":[{"href":"https:\/\/slowlearning.eu\/es\/wp-json\/wp\/v2\/types\/page"}],"author":[{"embeddable":true,"href":"https:\/\/slowlearning.eu\/es\/wp-json\/wp\/v2\/users\/1"}],"replies":[{"embeddable":true,"href":"https:\/\/slowlearning.eu\/es\/wp-json\/wp\/v2\/comments?post=2015"}],"version-history":[{"count":5,"href":"https:\/\/slowlearning.eu\/es\/wp-json\/wp\/v2\/pages\/2015\/revisions"}],"predecessor-version":[{"id":2076,"href":"https:\/\/slowlearning.eu\/es\/wp-json\/wp\/v2\/pages\/2015\/revisions\/2076"}],"wp:featuredmedia":[{"embeddable":true,"href":"https:\/\/slowlearning.eu\/es\/wp-json\/wp\/v2\/media\/1251"}],"wp:attachment":[{"href":"https:\/\/slowlearning.eu\/es\/wp-json\/wp\/v2\/media?parent=2015"}],"curies":[{"name":"wp","href":"https:\/\/api.w.org\/{rel}","templated":true}]}}