{"id":2011,"date":"2020-09-25T13:40:25","date_gmt":"2020-09-25T10:40:25","guid":{"rendered":"https:\/\/slowlearning.eu\/formacion\/"},"modified":"2020-11-03T12:28:58","modified_gmt":"2020-11-03T10:28:58","slug":"formacion","status":"publish","type":"page","link":"https:\/\/slowlearning.eu\/es\/formacion\/","title":{"rendered":"Formaci\u00f3n"},"content":{"rendered":"<p>[vc_row][vc_column][vc_empty_space height=\u00bb100px\u00bb][vc_column_text]<\/p>\n<h2 style=\"text-align: center;\">Formaci\u00f3n de formadores\/as en TIC<br \/>\n<img loading=\"lazy\" decoding=\"async\" class=\"wp-image-881 size-full alignleft\" src=\"https:\/\/slowlearning.eu\/wp-content\/uploads\/2020\/03\/teacher-snail-400.png\" alt=\"\" width=\"400\" height=\"400\" srcset=\"https:\/\/slowlearning.eu\/wp-content\/uploads\/2020\/03\/teacher-snail-400.png 400w, https:\/\/slowlearning.eu\/wp-content\/uploads\/2020\/03\/teacher-snail-400-300x300.png 300w, https:\/\/slowlearning.eu\/wp-content\/uploads\/2020\/03\/teacher-snail-400-150x150.png 150w\" sizes=\"auto, (max-width: 400px) 100vw, 400px\" \/><\/h2>\n<p>Bas\u00e1ndonos en el an\u00e1lisis previo realizado por los socios del proyecto, la formaci\u00f3n (en la versi\u00f3n online) se centrar\u00e1 en las necesidades y la falta de competencias y habilidades de los\/las formadores\/as en TIC para impartir formaci\u00f3n a personas mayores.<\/p>\n<p>El programa formativo en TIC incluir\u00e1 consejos pr\u00e1cticos, metodolog\u00edas, t\u00e9cnicas innovadoras y actividades pr\u00e1cticas para la formaci\u00f3n en TIC de las personas mayores con el objetivo de desarrollar sus conocimientos y habilidades en el uso de las mismas.<\/p>\n<p>Se incluir\u00e1n los siguientes contenidos:<\/p>\n<ul>\n<li>Conceptos b\u00e1sicos sobre c\u00f3mo ense\u00f1ar a las personas mayores a utilizar las tecnolog\u00edas digitales (aspectos psicol\u00f3gicos, aspectos t\u00e9cnicos, \u00e9tica o privacidad, etc.)<\/li>\n<li>Metodolog\u00edas y t\u00e9cnicas<\/li>\n<li>Lista de verificaci\u00f3n de competencias y habilidades clave<\/li>\n<\/ul>\n<p>[\/vc_column_text][vc_empty_space][vc_row_inner equal_height=\u00bbyes\u00bb][vc_column_inner width=\u00bb2\/3&#8243;][vc_empty_space height=\u00bb60px\u00bb][vc_column_text]<\/p>\n<h4 style=\"text-align: center;\">\u00a1Deje que le mantengamos al tanto del inicio de la formaci\u00f3n!<\/h4>\n<p>[\/vc_column_text]<script type=\"text\/javascript\">var gform;gform||(document.addEventListener(\"gform_main_scripts_loaded\",function(){gform.scriptsLoaded=!0}),window.addEventListener(\"DOMContentLoaded\",function(){gform.domLoaded=!0}),gform={domLoaded:!1,scriptsLoaded:!1,initializeOnLoaded:function(o){gform.domLoaded&&gform.scriptsLoaded?o():!gform.domLoaded&&gform.scriptsLoaded?window.addEventListener(\"DOMContentLoaded\",o):document.addEventListener(\"gform_main_scripts_loaded\",o)},hooks:{action:{},filter:{}},addAction:function(o,n,r,t){gform.addHook(\"action\",o,n,r,t)},addFilter:function(o,n,r,t){gform.addHook(\"filter\",o,n,r,t)},doAction:function(o){gform.doHook(\"action\",o,arguments)},applyFilters:function(o){return gform.doHook(\"filter\",o,arguments)},removeAction:function(o,n){gform.removeHook(\"action\",o,n)},removeFilter:function(o,n,r){gform.removeHook(\"filter\",o,n,r)},addHook:function(o,n,r,t,i){null==gform.hooks[o][n]&&(gform.hooks[o][n]=[]);var e=gform.hooks[o][n];null==i&&(i=n+\"_\"+e.length),gform.hooks[o][n].push({tag:i,callable:r,priority:t=null==t?10:t})},doHook:function(n,o,r){var t;if(r=Array.prototype.slice.call(r,1),null!=gform.hooks[n][o]&&((o=gform.hooks[n][o]).sort(function(o,n){return o.priority-n.priority}),o.forEach(function(o){\"function\"!=typeof(t=o.callable)&&(t=window[t]),\"action\"==n?t.apply(null,r):r[0]=t.apply(null,r)})),\"filter\"==n)return r[0]},removeHook:function(o,n,t,i){var r;null!=gform.hooks[o][n]&&(r=(r=gform.hooks[o][n]).filter(function(o,n,r){return!!(null!=i&&i!=o.tag||null!=t&&t!=o.priority)}),gform.hooks[o][n]=r)}});<\/script>\n                <div class='gf_browser_gecko gform_wrapper gform_legacy_markup_wrapper gform-theme--no-framework' data-form-theme='legacy' data-form-index='0' id='gform_wrapper_27' style='display:none'><div id='gf_27' class='gform_anchor' tabindex='-1'><\/div><form method='post' enctype='multipart\/form-data' target='gform_ajax_frame_27' id='gform_27'  action='\/es\/wp-json\/wp\/v2\/pages\/2011#gf_27' data-formid='27' >\n                        <div class='gform-body gform_body'><ul id='gform_fields_27' class='gform_fields top_label form_sublabel_below description_below'><li id=\"field_27_1\"  class=\"gfield gfield--type-text gf_left_half gfield_contains_required field_sublabel_below gfield--no-description field_description_below gfield_visibility_visible\"  data-js-reload=\"field_27_1\"><label class='gfield_label gform-field-label' for='input_27_1' >Nombre<span class=\"gfield_required\"><span class=\"gfield_required gfield_required_asterisk\">*<\/span><\/span><\/label><div class='ginput_container ginput_container_text'><input name='input_1' id='input_27_1' type='text' value='' class='medium'     aria-required=\"true\" aria-invalid=\"false\"   \/> <\/div><\/li><li id=\"field_27_2\"  class=\"gfield gfield--type-email gf_right_half gfield_contains_required field_sublabel_below gfield--no-description field_description_below gfield_visibility_visible\"  data-js-reload=\"field_27_2\"><label class='gfield_label gform-field-label' for='input_27_2' >Email<span class=\"gfield_required\"><span class=\"gfield_required gfield_required_asterisk\">*<\/span><\/span><\/label><div class='ginput_container ginput_container_email'>\n                            <input name='input_2' id='input_27_2' type='text' value='' class='medium'    aria-required=\"true\" aria-invalid=\"false\"  \/>\n                        <\/div><\/li><li id=\"field_27_5\"  class=\"gfield gfield--type-consent gfield--type-choice gf_simple_horizontal gfield_contains_required field_sublabel_below gfield--has-description field_description_below gfield_visibility_visible\"  data-js-reload=\"field_27_5\"><label class='gfield_label gform-field-label gfield_label_before_complex'  >Consentimiento<span class=\"gfield_required\"><span class=\"gfield_required gfield_required_asterisk\">*<\/span><\/span><\/label><div class='ginput_container ginput_container_consent'><input name='input_5.1' id='input_27_5_1' type='checkbox' value='1'  aria-describedby=\"gfield_consent_description_27_5\" aria-required=\"true\" aria-invalid=\"false\"   \/> <label class=\"gform-field-label gform-field-label--type-inline gfield_consent_label\" for='input_27_5_1' >S\u00ed<\/label><input type='hidden' name='input_5.2' value='S\u00ed' class='gform_hidden' \/><input type='hidden' name='input_5.3' value='5' class='gform_hidden' \/><\/div><div class='gfield_description gfield_consent_description' id='gfield_consent_description_27_5'>Tengo m\u00e1s de 18 a\u00f1os y doy mi consentimiento para compartir mis datos con respecto al procedimiento de formaci\u00f3n del proyecto. Acepto la pol\u00edtica de privacidad.<\/div><\/li><\/ul><\/div>\n        <input type=\"hidden\" name=\"php_start_time\" value=\"1777989141.8679\" \/><input type=\"hidden\" name=\"js_end_time\" class=\"js_end_time\" value=\"\" \/><input type=\"hidden\" name=\"js_start_time\" class=\"js_start_time\" value=\"\" \/><div class=\"f12t\"><input type=\"hidden\" class=\"f12_timer\" name=\"f12_multiple_submission_protection\" value=\"$2y$10$eEIovGIAE2p7CVjAqWvb.uYeJvfi6OVlT8bOeLDt8.YFTbMRAL69y\"\/><\/div><div class=\"f12t\"><input type=\"hidden\" class=\"f12_timer\" name=\"f12_timer\" value=\"$2y$10$V6EW9pK766naQLW4F24HtOFSk.QsCrRN57imjso0bHbBRbZlnZLBi\"\/><\/div><input id=\"f12_captcha\" type=\"text\" style=\"visibility:hidden!important; opacity:1!important; height:0!important; width:0!important; margin:0!important; padding:0!important;\" name=\"f12_captcha\" value=\"\"\/><div class='gform_footer top_label'> <input type='submit' id='gform_submit_button_27' class='gform_button button' value='Si por favor ... Av\u00edsame cuando est\u00e9 listo'  onclick='if(window[\"gf_submitting_27\"]){return false;}  window[\"gf_submitting_27\"]=true;  ' onkeypress='if( event.keyCode == 13 ){ if(window[\"gf_submitting_27\"]){return false;} window[\"gf_submitting_27\"]=true;  jQuery(\"#gform_27\").trigger(\"submit\",[true]); }' \/> <input type='hidden' name='gform_ajax' value='form_id=27&amp;title=&amp;description=&amp;tabindex=0' \/>\n            <input type='hidden' class='gform_hidden' name='is_submit_27' value='1' \/>\n            <input type='hidden' class='gform_hidden' name='gform_submit' value='27' \/>\n            \n            <input type='hidden' class='gform_hidden' name='gform_unique_id' value='' \/>\n            <input type='hidden' class='gform_hidden' name='state_27' value='WyJ7XCI1LjFcIjpcIjU3NTAyYmFlYjVlOWVmNzIzZGI5OWQ4ZDU5NmVlZWZlXCIsXCI1LjJcIjpcIjQ2Mjg0MDE4MGI4YjMzZmI4YmE0MWI0MThiM2U1ZTQ4XCIsXCI1LjNcIjpcImYxYjIwMzBhZDAxMjk3MmZjMzE5MmFiYjNlMTdjZTQ1XCJ9IiwiNmVjNTBlNTMzNjYyYjIwZjcwYTJlY2NiZDVhYTgyZjUiXQ==' \/>\n            <input type='hidden' class='gform_hidden' name='gform_target_page_number_27' id='gform_target_page_number_27' value='0' \/>\n            <input type='hidden' class='gform_hidden' name='gform_source_page_number_27' id='gform_source_page_number_27' value='1' \/>\n            <input type='hidden' name='gform_field_values' value='' \/>\n            \n        <\/div>\n                        <\/form>\n                        <\/div>\n\t\t                <iframe style='display:none;width:0px;height:0px;' src='about:blank' name='gform_ajax_frame_27' id='gform_ajax_frame_27' title='Este iframe contiene la l\u00f3gica necesaria para gestionar formularios con ajax activado.'><\/iframe>\n\t\t                <script type=\"text\/javascript\">\n\/* <![CDATA[ *\/\n gform.initializeOnLoaded( function() {gformInitSpinner( 27, 'https:\/\/slowlearning.eu\/wp-content\/plugins\/gravityforms\/images\/spinner.svg', true );jQuery('#gform_ajax_frame_27').on('load',function(){var contents = jQuery(this).contents().find('*').html();var is_postback = contents.indexOf('GF_AJAX_POSTBACK') >= 0;if(!is_postback){return;}var form_content = jQuery(this).contents().find('#gform_wrapper_27');var is_confirmation = jQuery(this).contents().find('#gform_confirmation_wrapper_27').length > 0;var is_redirect = contents.indexOf('gformRedirect(){') >= 0;var is_form = form_content.length > 0 && ! is_redirect && ! is_confirmation;var mt = parseInt(jQuery('html').css('margin-top'), 10) + parseInt(jQuery('body').css('margin-top'), 10) + 100;if(is_form){jQuery('#gform_wrapper_27').html(form_content.html());if(form_content.hasClass('gform_validation_error')){jQuery('#gform_wrapper_27').addClass('gform_validation_error');} else {jQuery('#gform_wrapper_27').removeClass('gform_validation_error');}setTimeout( function() { \/* delay the scroll by 50 milliseconds to fix a bug in chrome *\/ jQuery(document).scrollTop(jQuery('#gform_wrapper_27').offset().top - mt); }, 50 );if(window['gformInitDatepicker']) {gformInitDatepicker();}if(window['gformInitPriceFields']) {gformInitPriceFields();}var current_page = jQuery('#gform_source_page_number_27').val();gformInitSpinner( 27, 'https:\/\/slowlearning.eu\/wp-content\/plugins\/gravityforms\/images\/spinner.svg', true );jQuery(document).trigger('gform_page_loaded', [27, current_page]);window['gf_submitting_27'] = false;}else if(!is_redirect){var confirmation_content = jQuery(this).contents().find('.GF_AJAX_POSTBACK').html();if(!confirmation_content){confirmation_content = contents;}setTimeout(function(){jQuery('#gform_wrapper_27').replaceWith(confirmation_content);jQuery(document).scrollTop(jQuery('#gf_27').offset().top - mt);jQuery(document).trigger('gform_confirmation_loaded', [27]);window['gf_submitting_27'] = false;wp.a11y.speak(jQuery('#gform_confirmation_message_27').text());}, 50);}else{jQuery('#gform_27').append(contents);if(window['gformRedirect']) {gformRedirect();}}jQuery(document).trigger('gform_post_render', [27, current_page]);gform.utils.trigger({ event: 'gform\/postRender', native: false, data: { formId: 27, currentPage: current_page } });} );} ); \n\/* ]]> *\/\n<\/script>\n[\/vc_column_inner][vc_column_inner width=\u00bb1\/3&#8243;][vc_single_image image=\u00bb887&#8243; img_size=\u00bbfull\u00bb alignment=\u00bbcenter\u00bb][\/vc_column_inner][\/vc_row_inner][vc_empty_space][vc_empty_space][\/vc_column][\/vc_row]<\/p>\n","protected":false},"excerpt":{"rendered":"<p>[vc_row][vc_column][vc_empty_space height=\u00bb100px\u00bb][vc_column_text] Formaci\u00f3n de formadores\/as en TIC Bas\u00e1ndonos en el an\u00e1lisis previo realizado por los socios del proyecto, la formaci\u00f3n (en la versi\u00f3n online) se centrar\u00e1 en las necesidades y<\/p>\n","protected":false},"author":1,"featured_media":1246,"parent":0,"menu_order":0,"comment_status":"closed","ping_status":"closed","template":"tmp-page.php","meta":{"footnotes":""},"class_list":["post-2011","page","type-page","status-publish","has-post-thumbnail","hentry"],"yoast_head":"<!-- This site is optimized with the Yoast SEO plugin v19.6 - https:\/\/yoast.com\/wordpress\/plugins\/seo\/ -->\n<title>Formaci\u00f3n - SLOW LEARNING<\/title>\n<meta name=\"description\" content=\"\u00a1Nuestro proyecto slowlearning ofrecer\u00e1 una formaci\u00f3n para formadores de TI para encontrar nuevas formas de ense\u00f1ar a las personas mayores! \u00a1Est\u00e9n atentos y no se lo pierdan!\" \/>\n<meta name=\"robots\" content=\"index, follow, max-snippet:-1, max-image-preview:large, max-video-preview:-1\" \/>\n<link rel=\"canonical\" href=\"https:\/\/slowlearning.eu\/es\/formacion\/\" \/>\n<meta property=\"og:locale\" content=\"es_ES\" \/>\n<meta property=\"og:type\" content=\"article\" \/>\n<meta property=\"og:title\" content=\"Formaci\u00f3n - SLOW LEARNING\" \/>\n<meta property=\"og:description\" content=\"\u00a1Nuestro proyecto slowlearning ofrecer\u00e1 una formaci\u00f3n para formadores de TI para encontrar nuevas formas de ense\u00f1ar a las personas mayores! \u00a1Est\u00e9n atentos y no se lo pierdan!\" \/>\n<meta property=\"og:url\" content=\"https:\/\/slowlearning.eu\/es\/formacion\/\" \/>\n<meta property=\"og:site_name\" content=\"SLOW LEARNING\" \/>\n<meta property=\"article:modified_time\" content=\"2020-11-03T10:28:58+00:00\" \/>\n<meta property=\"og:image\" content=\"https:\/\/slowlearning.eu\/wp-content\/uploads\/2020\/03\/featured-image-training.jpg\" \/>\n\t<meta property=\"og:image:width\" content=\"1200\" \/>\n\t<meta property=\"og:image:height\" content=\"630\" \/>\n\t<meta property=\"og:image:type\" content=\"image\/jpeg\" \/>\n<meta name=\"twitter:card\" content=\"summary_large_image\" \/>\n<meta name=\"twitter:label1\" content=\"Tiempo de lectura\" \/>\n\t<meta name=\"twitter:data1\" content=\"1 minuto\" \/>\n<script type=\"application\/ld+json\" class=\"yoast-schema-graph\">{\"@context\":\"https:\/\/schema.org\",\"@graph\":[{\"@type\":\"WebPage\",\"@id\":\"https:\/\/slowlearning.eu\/es\/formacion\/\",\"url\":\"https:\/\/slowlearning.eu\/es\/formacion\/\",\"name\":\"Formaci\u00f3n - SLOW LEARNING\",\"isPartOf\":{\"@id\":\"https:\/\/slowlearning.eu\/el\/#website\"},\"datePublished\":\"2020-09-25T10:40:25+00:00\",\"dateModified\":\"2020-11-03T10:28:58+00:00\",\"description\":\"\u00a1Nuestro proyecto slowlearning ofrecer\u00e1 una formaci\u00f3n para formadores de TI para encontrar nuevas formas de ense\u00f1ar a las personas mayores! \u00a1Est\u00e9n atentos y no se lo pierdan!\",\"breadcrumb\":{\"@id\":\"https:\/\/slowlearning.eu\/es\/formacion\/#breadcrumb\"},\"inLanguage\":\"es\",\"potentialAction\":[{\"@type\":\"ReadAction\",\"target\":[\"https:\/\/slowlearning.eu\/es\/formacion\/\"]}]},{\"@type\":\"BreadcrumbList\",\"@id\":\"https:\/\/slowlearning.eu\/es\/formacion\/#breadcrumb\",\"itemListElement\":[{\"@type\":\"ListItem\",\"position\":1,\"name\":\"Home\",\"item\":\"https:\/\/slowlearning.eu\/es\/\"},{\"@type\":\"ListItem\",\"position\":2,\"name\":\"Formaci\u00f3n\"}]},{\"@type\":\"WebSite\",\"@id\":\"https:\/\/slowlearning.eu\/el\/#website\",\"url\":\"https:\/\/slowlearning.eu\/el\/\",\"name\":\"SLOW LEARNING\",\"description\":\"IT for elders\",\"potentialAction\":[{\"@type\":\"SearchAction\",\"target\":{\"@type\":\"EntryPoint\",\"urlTemplate\":\"https:\/\/slowlearning.eu\/el\/?s={search_term_string}\"},\"query-input\":\"required name=search_term_string\"}],\"inLanguage\":\"es\"}]}<\/script>\n<!-- \/ Yoast SEO plugin. -->","yoast_head_json":{"title":"Formaci\u00f3n - SLOW LEARNING","description":"\u00a1Nuestro proyecto slowlearning ofrecer\u00e1 una formaci\u00f3n para formadores de TI para encontrar nuevas formas de ense\u00f1ar a las personas mayores! \u00a1Est\u00e9n atentos y no se lo pierdan!","robots":{"index":"index","follow":"follow","max-snippet":"max-snippet:-1","max-image-preview":"max-image-preview:large","max-video-preview":"max-video-preview:-1"},"canonical":"https:\/\/slowlearning.eu\/es\/formacion\/","og_locale":"es_ES","og_type":"article","og_title":"Formaci\u00f3n - SLOW LEARNING","og_description":"\u00a1Nuestro proyecto slowlearning ofrecer\u00e1 una formaci\u00f3n para formadores de TI para encontrar nuevas formas de ense\u00f1ar a las personas mayores! \u00a1Est\u00e9n atentos y no se lo pierdan!","og_url":"https:\/\/slowlearning.eu\/es\/formacion\/","og_site_name":"SLOW LEARNING","article_modified_time":"2020-11-03T10:28:58+00:00","og_image":[{"width":1200,"height":630,"url":"https:\/\/slowlearning.eu\/wp-content\/uploads\/2020\/03\/featured-image-training.jpg","type":"image\/jpeg"}],"twitter_card":"summary_large_image","twitter_misc":{"Tiempo de lectura":"1 minuto"},"schema":{"@context":"https:\/\/schema.org","@graph":[{"@type":"WebPage","@id":"https:\/\/slowlearning.eu\/es\/formacion\/","url":"https:\/\/slowlearning.eu\/es\/formacion\/","name":"Formaci\u00f3n - SLOW LEARNING","isPartOf":{"@id":"https:\/\/slowlearning.eu\/el\/#website"},"datePublished":"2020-09-25T10:40:25+00:00","dateModified":"2020-11-03T10:28:58+00:00","description":"\u00a1Nuestro proyecto slowlearning ofrecer\u00e1 una formaci\u00f3n para formadores de TI para encontrar nuevas formas de ense\u00f1ar a las personas mayores! \u00a1Est\u00e9n atentos y no se lo pierdan!","breadcrumb":{"@id":"https:\/\/slowlearning.eu\/es\/formacion\/#breadcrumb"},"inLanguage":"es","potentialAction":[{"@type":"ReadAction","target":["https:\/\/slowlearning.eu\/es\/formacion\/"]}]},{"@type":"BreadcrumbList","@id":"https:\/\/slowlearning.eu\/es\/formacion\/#breadcrumb","itemListElement":[{"@type":"ListItem","position":1,"name":"Home","item":"https:\/\/slowlearning.eu\/es\/"},{"@type":"ListItem","position":2,"name":"Formaci\u00f3n"}]},{"@type":"WebSite","@id":"https:\/\/slowlearning.eu\/el\/#website","url":"https:\/\/slowlearning.eu\/el\/","name":"SLOW LEARNING","description":"IT for elders","potentialAction":[{"@type":"SearchAction","target":{"@type":"EntryPoint","urlTemplate":"https:\/\/slowlearning.eu\/el\/?s={search_term_string}"},"query-input":"required name=search_term_string"}],"inLanguage":"es"}]}},"_links":{"self":[{"href":"https:\/\/slowlearning.eu\/es\/wp-json\/wp\/v2\/pages\/2011","targetHints":{"allow":["GET"]}}],"collection":[{"href":"https:\/\/slowlearning.eu\/es\/wp-json\/wp\/v2\/pages"}],"about":[{"href":"https:\/\/slowlearning.eu\/es\/wp-json\/wp\/v2\/types\/page"}],"author":[{"embeddable":true,"href":"https:\/\/slowlearning.eu\/es\/wp-json\/wp\/v2\/users\/1"}],"replies":[{"embeddable":true,"href":"https:\/\/slowlearning.eu\/es\/wp-json\/wp\/v2\/comments?post=2011"}],"version-history":[{"count":4,"href":"https:\/\/slowlearning.eu\/es\/wp-json\/wp\/v2\/pages\/2011\/revisions"}],"predecessor-version":[{"id":3050,"href":"https:\/\/slowlearning.eu\/es\/wp-json\/wp\/v2\/pages\/2011\/revisions\/3050"}],"wp:featuredmedia":[{"embeddable":true,"href":"https:\/\/slowlearning.eu\/es\/wp-json\/wp\/v2\/media\/1246"}],"wp:attachment":[{"href":"https:\/\/slowlearning.eu\/es\/wp-json\/wp\/v2\/media?parent=2011"}],"curies":[{"name":"wp","href":"https:\/\/api.w.org\/{rel}","templated":true}]}}