{"id":2008,"date":"2020-09-25T13:37:25","date_gmt":"2020-09-25T10:37:25","guid":{"rendered":"https:\/\/slowlearning.eu\/compendio\/"},"modified":"2020-10-21T16:37:02","modified_gmt":"2020-10-21T13:37:02","slug":"compendio","status":"publish","type":"page","link":"https:\/\/slowlearning.eu\/es\/compendio\/","title":{"rendered":"Compendio"},"content":{"rendered":"<p>[vc_row][vc_column][vc_empty_space height=\u00bb60px\u00bb][vc_column_text]<\/p>\n<h2>Compendio<\/h2>\n<p><img loading=\"lazy\" class=\"wp-image-1886 size-full alignleft\" src=\"https:\/\/slowlearning.eu\/wp-content\/uploads\/2020\/09\/Compendium-teacher-300px.jpg\" alt=\"\" width=\"300\" height=\"300\" srcset=\"https:\/\/slowlearning.eu\/wp-content\/uploads\/2020\/09\/Compendium-teacher-300px.jpg 300w, https:\/\/slowlearning.eu\/wp-content\/uploads\/2020\/09\/Compendium-teacher-300px-150x150.jpg 150w\" sizes=\"(max-width: 300px) 100vw, 300px\" \/><\/p>\n<p>El compendio estar\u00e1 formado por un paquete \u00fanico e innovador de pr\u00e1cticas y herramientas para la impartici\u00f3n de las tecnolog\u00edas a las personas mayores de forma eficiente. Esta herramienta quiere garantizar que el compendio creado sea utilizado por instituciones\/ organizaciones y centros de formaci\u00f3n que buscan identificar pr\u00e1cticas innovadoras para una formaci\u00f3n adaptada a las necesidades de las personas mayores.<\/p>\n<p>El objetivo es mostrar a los\/las usuarios\/as herramientas y buenas pr\u00e1cticas en la ense\u00f1anza de las tecnolog\u00edas para personas mayores.<br \/>\nSe fomentar\u00e1 que las instituciones\/organizaciones y centros de formaci\u00f3n seleccionen las practicas del compendio y las adapten a las necesidades de de la FP y de la Formaci\u00f3n para Adultos.<\/p>\n<p>El compendio ser\u00e1 el punto de partida para adaptar, actualizar y desarrollar las t\u00e9cnicas en la ense\u00f1anza de las tecnolog\u00edas para personas mayores. Adem\u00e1s, las buenas pr\u00e1cticas ser\u00e1n la base para quelos centros de FP y de Formaci\u00f3n de Adultos impartan una formaci\u00f3n con un enfoque m\u00e1s pr\u00e1ctico e innovador y para que los\/as formadores\/as entiendan c\u00f3mo y d\u00f3nde centrar sus esfuerzos.<\/p>\n<p>[\/vc_column_text][\/vc_column][\/vc_row][vc_row][vc_column][dfd_portfolio_module posts_to_show=\u00bb20&#8243; items_offset=\u00bb40&#8243; columns=\u00bb4&#8243; portfolio_content_alignment=\u00bbtext-center\u00bb portfolio_style=\u00bbfitRows\u00bb portfolio_categories=\u00bbcyprus-es,denmark-es,germany-es,greece-es,portugal-es,slovenia-es,spain-es,united-kingdom-es\u00bb portfolio_show_title=\u00bbon\u00bb image_width=\u00bb400&#8243; image_height=\u00bb200&#8243; tutorials=\u00bb\u00bb][\/vc_column][\/vc_row]<\/p>\n","protected":false},"excerpt":{"rendered":"<p>[vc_row][vc_column][vc_empty_space height=\u00bb60px\u00bb][vc_column_text] Compendio El compendio estar\u00e1 formado por un paquete \u00fanico e innovador de pr\u00e1cticas y herramientas para la impartici\u00f3n de las tecnolog\u00edas a las personas mayores de forma eficiente.<\/p>\n","protected":false},"author":1,"featured_media":3521,"parent":0,"menu_order":0,"comment_status":"closed","ping_status":"closed","template":"tmp-page.php","meta":[],"yoast_head":"<!-- This site is optimized with the Yoast SEO plugin v19.6 - https:\/\/yoast.com\/wordpress\/plugins\/seo\/ -->\n<title>Compendio - SLOW LEARNING<\/title>\n<meta name=\"robots\" content=\"index, follow, max-snippet:-1, max-image-preview:large, max-video-preview:-1\" \/>\n<link rel=\"canonical\" href=\"https:\/\/slowlearning.eu\/es\/compendio\/\" \/>\n<meta property=\"og:locale\" content=\"es_ES\" \/>\n<meta property=\"og:type\" content=\"article\" \/>\n<meta property=\"og:title\" content=\"Compendio - SLOW LEARNING\" \/>\n<meta property=\"og:description\" content=\"[vc_row][vc_column][vc_empty_space height=\u00bb60px\u00bb][vc_column_text] Compendio El compendio estar\u00e1 formado por un paquete \u00fanico e innovador de pr\u00e1cticas y herramientas para la impartici\u00f3n de las tecnolog\u00edas a las personas mayores de forma eficiente.\" \/>\n<meta property=\"og:url\" content=\"https:\/\/slowlearning.eu\/es\/compendio\/\" \/>\n<meta property=\"og:site_name\" content=\"SLOW LEARNING\" \/>\n<meta property=\"article:modified_time\" content=\"2020-10-21T13:37:02+00:00\" \/>\n<meta property=\"og:image\" content=\"https:\/\/slowlearning.eu\/wp-content\/uploads\/2022\/04\/featured-image-compendium.jpg\" \/>\n\t<meta property=\"og:image:width\" content=\"1200\" \/>\n\t<meta property=\"og:image:height\" content=\"630\" \/>\n\t<meta property=\"og:image:type\" content=\"image\/jpeg\" \/>\n<meta name=\"twitter:card\" content=\"summary_large_image\" \/>\n<meta name=\"twitter:label1\" content=\"Tiempo de lectura\" \/>\n\t<meta name=\"twitter:data1\" content=\"1 minuto\" \/>\n<script type=\"application\/ld+json\" class=\"yoast-schema-graph\">{\"@context\":\"https:\/\/schema.org\",\"@graph\":[{\"@type\":\"WebPage\",\"@id\":\"https:\/\/slowlearning.eu\/es\/compendio\/\",\"url\":\"https:\/\/slowlearning.eu\/es\/compendio\/\",\"name\":\"Compendio - SLOW LEARNING\",\"isPartOf\":{\"@id\":\"https:\/\/slowlearning.eu\/el\/#website\"},\"datePublished\":\"2020-09-25T10:37:25+00:00\",\"dateModified\":\"2020-10-21T13:37:02+00:00\",\"breadcrumb\":{\"@id\":\"https:\/\/slowlearning.eu\/es\/compendio\/#breadcrumb\"},\"inLanguage\":\"es\",\"potentialAction\":[{\"@type\":\"ReadAction\",\"target\":[\"https:\/\/slowlearning.eu\/es\/compendio\/\"]}]},{\"@type\":\"BreadcrumbList\",\"@id\":\"https:\/\/slowlearning.eu\/es\/compendio\/#breadcrumb\",\"itemListElement\":[{\"@type\":\"ListItem\",\"position\":1,\"name\":\"Home\",\"item\":\"https:\/\/slowlearning.eu\/es\/\"},{\"@type\":\"ListItem\",\"position\":2,\"name\":\"Compendio\"}]},{\"@type\":\"WebSite\",\"@id\":\"https:\/\/slowlearning.eu\/el\/#website\",\"url\":\"https:\/\/slowlearning.eu\/el\/\",\"name\":\"SLOW LEARNING\",\"description\":\"IT for elders\",\"potentialAction\":[{\"@type\":\"SearchAction\",\"target\":{\"@type\":\"EntryPoint\",\"urlTemplate\":\"https:\/\/slowlearning.eu\/el\/?s={search_term_string}\"},\"query-input\":\"required name=search_term_string\"}],\"inLanguage\":\"es\"}]}<\/script>\n<!-- \/ Yoast SEO plugin. -->","yoast_head_json":{"title":"Compendio - SLOW LEARNING","robots":{"index":"index","follow":"follow","max-snippet":"max-snippet:-1","max-image-preview":"max-image-preview:large","max-video-preview":"max-video-preview:-1"},"canonical":"https:\/\/slowlearning.eu\/es\/compendio\/","og_locale":"es_ES","og_type":"article","og_title":"Compendio - SLOW LEARNING","og_description":"[vc_row][vc_column][vc_empty_space height=\u00bb60px\u00bb][vc_column_text] Compendio El compendio estar\u00e1 formado por un paquete \u00fanico e innovador de pr\u00e1cticas y herramientas para la impartici\u00f3n de las tecnolog\u00edas a las personas mayores de forma eficiente.","og_url":"https:\/\/slowlearning.eu\/es\/compendio\/","og_site_name":"SLOW LEARNING","article_modified_time":"2020-10-21T13:37:02+00:00","og_image":[{"width":1200,"height":630,"url":"https:\/\/slowlearning.eu\/wp-content\/uploads\/2022\/04\/featured-image-compendium.jpg","type":"image\/jpeg"}],"twitter_card":"summary_large_image","twitter_misc":{"Tiempo de lectura":"1 minuto"},"schema":{"@context":"https:\/\/schema.org","@graph":[{"@type":"WebPage","@id":"https:\/\/slowlearning.eu\/es\/compendio\/","url":"https:\/\/slowlearning.eu\/es\/compendio\/","name":"Compendio - SLOW LEARNING","isPartOf":{"@id":"https:\/\/slowlearning.eu\/el\/#website"},"datePublished":"2020-09-25T10:37:25+00:00","dateModified":"2020-10-21T13:37:02+00:00","breadcrumb":{"@id":"https:\/\/slowlearning.eu\/es\/compendio\/#breadcrumb"},"inLanguage":"es","potentialAction":[{"@type":"ReadAction","target":["https:\/\/slowlearning.eu\/es\/compendio\/"]}]},{"@type":"BreadcrumbList","@id":"https:\/\/slowlearning.eu\/es\/compendio\/#breadcrumb","itemListElement":[{"@type":"ListItem","position":1,"name":"Home","item":"https:\/\/slowlearning.eu\/es\/"},{"@type":"ListItem","position":2,"name":"Compendio"}]},{"@type":"WebSite","@id":"https:\/\/slowlearning.eu\/el\/#website","url":"https:\/\/slowlearning.eu\/el\/","name":"SLOW LEARNING","description":"IT for elders","potentialAction":[{"@type":"SearchAction","target":{"@type":"EntryPoint","urlTemplate":"https:\/\/slowlearning.eu\/el\/?s={search_term_string}"},"query-input":"required name=search_term_string"}],"inLanguage":"es"}]}},"_links":{"self":[{"href":"https:\/\/slowlearning.eu\/es\/wp-json\/wp\/v2\/pages\/2008"}],"collection":[{"href":"https:\/\/slowlearning.eu\/es\/wp-json\/wp\/v2\/pages"}],"about":[{"href":"https:\/\/slowlearning.eu\/es\/wp-json\/wp\/v2\/types\/page"}],"author":[{"embeddable":true,"href":"https:\/\/slowlearning.eu\/es\/wp-json\/wp\/v2\/users\/1"}],"replies":[{"embeddable":true,"href":"https:\/\/slowlearning.eu\/es\/wp-json\/wp\/v2\/comments?post=2008"}],"version-history":[{"count":3,"href":"https:\/\/slowlearning.eu\/es\/wp-json\/wp\/v2\/pages\/2008\/revisions"}],"predecessor-version":[{"id":3037,"href":"https:\/\/slowlearning.eu\/es\/wp-json\/wp\/v2\/pages\/2008\/revisions\/3037"}],"wp:featuredmedia":[{"embeddable":true,"href":"https:\/\/slowlearning.eu\/es\/wp-json\/wp\/v2\/media\/3521"}],"wp:attachment":[{"href":"https:\/\/slowlearning.eu\/es\/wp-json\/wp\/v2\/media?parent=2008"}],"curies":[{"name":"wp","href":"https:\/\/api.w.org\/{rel}","templated":true}]}}