{"id":1908,"date":"2020-09-25T10:48:09","date_gmt":"2020-09-25T07:48:09","guid":{"rendered":"https:\/\/slowlearning.eu\/jobprofil-for-it-underviserne\/"},"modified":"2020-09-25T11:07:15","modified_gmt":"2020-09-25T08:07:15","slug":"jobprofil-for-it-underviserne","status":"publish","type":"page","link":"https:\/\/slowlearning.eu\/da\/jobprofil-for-it-underviserne\/","title":{"rendered":"Jobprofil for IT-underviserne"},"content":{"rendered":"<p>[vc_row][vc_column][vc_empty_space height=&#8221;100px&#8221;][vc_column_text]<\/p>\n<h2 style=\"text-align: center;\">Jobprofil for IT-undervisere af \u00e6ldre<\/h2>\n<p>[\/vc_column_text][\/vc_column][\/vc_row][vc_row force_equal_height_columns=&#8221;main_row&#8221;][vc_column width=&#8221;1\/3&#8243;]<\/p>\n<p>[dfd_single_image image=&#8221;1042&#8243;]<\/p>\n<p>[\/vc_column][vc_column width=&#8221;2\/3&#8243;][vc_column_text]<\/p>\n<p>Der er i dag brug for en jobprofil for <a href=\"https:\/\/slowlearning.eu\/da\/traening\/\" target=\"_blank\" rel=\"noopener noreferrer\">IT-undervisere af \u00e6ldre<\/a>. Underviserne b\u00f8r kunne udforme og levere uddannelsesprogrammer inden for <a href=\"https:\/\/en.wikipedia.org\/wiki\/Information_technology\" target=\"_blank\" rel=\"noopener noreferrer\">informationsteknologi (IT)<\/a>, der fokuserer p\u00e5 \u00e6ldres s\u00e6rlige behov. Ud over sine it-faglige f\u00e6rdigheder og uddannelse, skal han v\u00e6re ekspert i brugerf\u00e6rdigheder. Han skal have et godt kendskab til \u00e6ldre med hensyn til fastholdelse og kognitive evner.<\/p>\n<p>[\/vc_column_text][\/vc_column][\/vc_row][vc_row][vc_column][vc_column_text]<\/p>\n<blockquote><p>En IT-tr\u00e6ner af \u00e6ldre skal vide, hvordan man reagerer og arbejder med \u00e6ldre. \u00a0<\/p><\/blockquote>\n<p>Der er en hindring for \u00e6ldre at l\u00e6re. Med aldring f\u00f8lger en naturlig forringelse af hjernens funktion, for\u00e5rsager en gradvis sv\u00e6kkelse af koncentration, hukommelse og mental fleksibilitet. Evnen til at generere nye synapser mellem neuroner som reaktion p\u00e5 eksterne stimuli, s\u00e5som undervisning og uddannelse, falder. Det bliver derfor mere vanskeligt at tilegne sig ny viden og nye f\u00e6rdigheder med alderen.<\/p>\n<p>Partnerne vil arbejde sammen med uddannelsesorganisation, IT-underviserne og de \u00e6ldre for at definere, hvad en IT-underviser af \u00e6ldre skal kunne.<\/p>\n<p>Der er f.eks. vigtigt at:<\/p>\n<ol>\n<li>Udf\u00f8re analyser af uddannelsesbehov<\/li>\n<li>Udforme uddannelsesprogrammer, der passer til de f\u00e6rdigheder, der er behov for<\/li>\n<li>Sikre, at l\u00e6ringsmilj\u00f8et og ressourcerne underst\u00f8tter elevernes behov<\/li>\n<li>Designe kursusmaterialer og dokumenter s\u00e5som uddelingskopier, manualer og \u00f8velser, der passer til elevernes behov<\/li>\n<\/ol>\n<p>&nbsp;<\/p>\n<h4 style=\"text-align: center;\"><em>Resultatet vil v\u00e6re oprettelsen af jobprofilen for professionelle it-undervisere af \u00e6ldre.<\/em><\/h4>\n<p>[\/vc_column_text][vc_empty_space height=&#8221;50px&#8221;][\/vc_column][\/vc_row]<\/p>\n","protected":false},"excerpt":{"rendered":"<p>[vc_row][vc_column][vc_empty_space height=&#8221;100px&#8221;][vc_column_text] Jobprofil for IT-undervisere af \u00e6ldre [\/vc_column_text][\/vc_column][\/vc_row][vc_row force_equal_height_columns=&#8221;main_row&#8221;][vc_column width=&#8221;1\/3&#8243;] [dfd_single_image image=&#8221;1042&#8243;] [\/vc_column][vc_column width=&#8221;2\/3&#8243;][vc_column_text] Der er i dag brug for en jobprofil for IT-undervisere af \u00e6ldre. Underviserne b\u00f8r kunne udforme<\/p>\n","protected":false},"author":1,"featured_media":1248,"parent":0,"menu_order":0,"comment_status":"closed","ping_status":"closed","template":"tmp-page.php","meta":{"footnotes":""},"class_list":["post-1908","page","type-page","status-publish","has-post-thumbnail","hentry"],"yoast_head":"<!-- This site is optimized with the Yoast SEO plugin v19.6 - https:\/\/yoast.com\/wordpress\/plugins\/seo\/ -->\n<title>Jobprofil for IT-underviserne - SLOW LEARNING<\/title>\n<meta name=\"description\" content=\"At v\u00e6re tr\u00e6ner for \u00e6ldrep\u00e5 it er ikke en let opgave. Du har brug for specielle f\u00e6rdigheder, der er n\u00f8dvendige for en s\u00e5dan mission. Ud af dette projekt oprettes en jobprofil!\" \/>\n<meta name=\"robots\" content=\"index, follow, max-snippet:-1, max-image-preview:large, max-video-preview:-1\" \/>\n<link rel=\"canonical\" href=\"https:\/\/slowlearning.eu\/da\/jobprofil-for-it-underviserne\/\" \/>\n<meta property=\"og:locale\" content=\"da_DK\" \/>\n<meta property=\"og:type\" content=\"article\" \/>\n<meta property=\"og:title\" content=\"Jobprofil for IT-underviserne - SLOW LEARNING\" \/>\n<meta property=\"og:description\" content=\"At v\u00e6re tr\u00e6ner for \u00e6ldrep\u00e5 it er ikke en let opgave. Du har brug for specielle f\u00e6rdigheder, der er n\u00f8dvendige for en s\u00e5dan mission. Ud af dette projekt oprettes en jobprofil!\" \/>\n<meta property=\"og:url\" content=\"https:\/\/slowlearning.eu\/da\/jobprofil-for-it-underviserne\/\" \/>\n<meta property=\"og:site_name\" content=\"SLOW LEARNING\" \/>\n<meta property=\"article:modified_time\" content=\"2020-09-25T08:07:15+00:00\" \/>\n<meta property=\"og:image\" content=\"https:\/\/slowlearning.eu\/wp-content\/uploads\/2020\/03\/featured-image-IT-trainer.jpg\" \/>\n\t<meta property=\"og:image:width\" content=\"1200\" \/>\n\t<meta property=\"og:image:height\" content=\"630\" \/>\n\t<meta property=\"og:image:type\" content=\"image\/jpeg\" \/>\n<meta name=\"twitter:card\" content=\"summary_large_image\" \/>\n<meta name=\"twitter:label1\" content=\"Estimeret l\u00e6setid\" \/>\n\t<meta name=\"twitter:data1\" content=\"1 minut\" \/>\n<script type=\"application\/ld+json\" class=\"yoast-schema-graph\">{\"@context\":\"https:\/\/schema.org\",\"@graph\":[{\"@type\":\"WebPage\",\"@id\":\"https:\/\/slowlearning.eu\/da\/jobprofil-for-it-underviserne\/\",\"url\":\"https:\/\/slowlearning.eu\/da\/jobprofil-for-it-underviserne\/\",\"name\":\"Jobprofil for IT-underviserne - SLOW LEARNING\",\"isPartOf\":{\"@id\":\"https:\/\/slowlearning.eu\/el\/#website\"},\"datePublished\":\"2020-09-25T07:48:09+00:00\",\"dateModified\":\"2020-09-25T08:07:15+00:00\",\"description\":\"At v\u00e6re tr\u00e6ner for \u00e6ldrep\u00e5 it er ikke en let opgave. Du har brug for specielle f\u00e6rdigheder, der er n\u00f8dvendige for en s\u00e5dan mission. Ud af dette projekt oprettes en jobprofil!\",\"breadcrumb\":{\"@id\":\"https:\/\/slowlearning.eu\/da\/jobprofil-for-it-underviserne\/#breadcrumb\"},\"inLanguage\":\"da-DK\",\"potentialAction\":[{\"@type\":\"ReadAction\",\"target\":[\"https:\/\/slowlearning.eu\/da\/jobprofil-for-it-underviserne\/\"]}]},{\"@type\":\"BreadcrumbList\",\"@id\":\"https:\/\/slowlearning.eu\/da\/jobprofil-for-it-underviserne\/#breadcrumb\",\"itemListElement\":[{\"@type\":\"ListItem\",\"position\":1,\"name\":\"Home\",\"item\":\"https:\/\/slowlearning.eu\/da\/\"},{\"@type\":\"ListItem\",\"position\":2,\"name\":\"Jobprofil for IT-underviserne\"}]},{\"@type\":\"WebSite\",\"@id\":\"https:\/\/slowlearning.eu\/el\/#website\",\"url\":\"https:\/\/slowlearning.eu\/el\/\",\"name\":\"SLOW LEARNING\",\"description\":\"IT for elders\",\"potentialAction\":[{\"@type\":\"SearchAction\",\"target\":{\"@type\":\"EntryPoint\",\"urlTemplate\":\"https:\/\/slowlearning.eu\/el\/?s={search_term_string}\"},\"query-input\":\"required name=search_term_string\"}],\"inLanguage\":\"da-DK\"}]}<\/script>\n<!-- \/ Yoast SEO plugin. -->","yoast_head_json":{"title":"Jobprofil for IT-underviserne - SLOW LEARNING","description":"At v\u00e6re tr\u00e6ner for \u00e6ldrep\u00e5 it er ikke en let opgave. Du har brug for specielle f\u00e6rdigheder, der er n\u00f8dvendige for en s\u00e5dan mission. Ud af dette projekt oprettes en jobprofil!","robots":{"index":"index","follow":"follow","max-snippet":"max-snippet:-1","max-image-preview":"max-image-preview:large","max-video-preview":"max-video-preview:-1"},"canonical":"https:\/\/slowlearning.eu\/da\/jobprofil-for-it-underviserne\/","og_locale":"da_DK","og_type":"article","og_title":"Jobprofil for IT-underviserne - SLOW LEARNING","og_description":"At v\u00e6re tr\u00e6ner for \u00e6ldrep\u00e5 it er ikke en let opgave. Du har brug for specielle f\u00e6rdigheder, der er n\u00f8dvendige for en s\u00e5dan mission. Ud af dette projekt oprettes en jobprofil!","og_url":"https:\/\/slowlearning.eu\/da\/jobprofil-for-it-underviserne\/","og_site_name":"SLOW LEARNING","article_modified_time":"2020-09-25T08:07:15+00:00","og_image":[{"width":1200,"height":630,"url":"https:\/\/slowlearning.eu\/wp-content\/uploads\/2020\/03\/featured-image-IT-trainer.jpg","type":"image\/jpeg"}],"twitter_card":"summary_large_image","twitter_misc":{"Estimeret l\u00e6setid":"1 minut"},"schema":{"@context":"https:\/\/schema.org","@graph":[{"@type":"WebPage","@id":"https:\/\/slowlearning.eu\/da\/jobprofil-for-it-underviserne\/","url":"https:\/\/slowlearning.eu\/da\/jobprofil-for-it-underviserne\/","name":"Jobprofil for IT-underviserne - SLOW LEARNING","isPartOf":{"@id":"https:\/\/slowlearning.eu\/el\/#website"},"datePublished":"2020-09-25T07:48:09+00:00","dateModified":"2020-09-25T08:07:15+00:00","description":"At v\u00e6re tr\u00e6ner for \u00e6ldrep\u00e5 it er ikke en let opgave. Du har brug for specielle f\u00e6rdigheder, der er n\u00f8dvendige for en s\u00e5dan mission. Ud af dette projekt oprettes en jobprofil!","breadcrumb":{"@id":"https:\/\/slowlearning.eu\/da\/jobprofil-for-it-underviserne\/#breadcrumb"},"inLanguage":"da-DK","potentialAction":[{"@type":"ReadAction","target":["https:\/\/slowlearning.eu\/da\/jobprofil-for-it-underviserne\/"]}]},{"@type":"BreadcrumbList","@id":"https:\/\/slowlearning.eu\/da\/jobprofil-for-it-underviserne\/#breadcrumb","itemListElement":[{"@type":"ListItem","position":1,"name":"Home","item":"https:\/\/slowlearning.eu\/da\/"},{"@type":"ListItem","position":2,"name":"Jobprofil for IT-underviserne"}]},{"@type":"WebSite","@id":"https:\/\/slowlearning.eu\/el\/#website","url":"https:\/\/slowlearning.eu\/el\/","name":"SLOW LEARNING","description":"IT for elders","potentialAction":[{"@type":"SearchAction","target":{"@type":"EntryPoint","urlTemplate":"https:\/\/slowlearning.eu\/el\/?s={search_term_string}"},"query-input":"required name=search_term_string"}],"inLanguage":"da-DK"}]}},"_links":{"self":[{"href":"https:\/\/slowlearning.eu\/da\/wp-json\/wp\/v2\/pages\/1908","targetHints":{"allow":["GET"]}}],"collection":[{"href":"https:\/\/slowlearning.eu\/da\/wp-json\/wp\/v2\/pages"}],"about":[{"href":"https:\/\/slowlearning.eu\/da\/wp-json\/wp\/v2\/types\/page"}],"author":[{"embeddable":true,"href":"https:\/\/slowlearning.eu\/da\/wp-json\/wp\/v2\/users\/1"}],"replies":[{"embeddable":true,"href":"https:\/\/slowlearning.eu\/da\/wp-json\/wp\/v2\/comments?post=1908"}],"version-history":[{"count":5,"href":"https:\/\/slowlearning.eu\/da\/wp-json\/wp\/v2\/pages\/1908\/revisions"}],"predecessor-version":[{"id":1928,"href":"https:\/\/slowlearning.eu\/da\/wp-json\/wp\/v2\/pages\/1908\/revisions\/1928"}],"wp:featuredmedia":[{"embeddable":true,"href":"https:\/\/slowlearning.eu\/da\/wp-json\/wp\/v2\/media\/1248"}],"wp:attachment":[{"href":"https:\/\/slowlearning.eu\/da\/wp-json\/wp\/v2\/media?parent=1908"}],"curies":[{"name":"wp","href":"https:\/\/api.w.org\/{rel}","templated":true}]}}