{"id":1904,"date":"2020-09-25T10:40:18","date_gmt":"2020-09-25T07:40:18","guid":{"rendered":"https:\/\/slowlearning.eu\/traening\/"},"modified":"2020-11-03T12:27:11","modified_gmt":"2020-11-03T10:27:11","slug":"traening","status":"publish","type":"page","link":"https:\/\/slowlearning.eu\/da\/traening\/","title":{"rendered":"Tr\u00e6ning"},"content":{"rendered":"<p>[vc_row][vc_column][vc_empty_space height=&#8221;100px&#8221;][vc_column_text]<\/p>\n<h2 style=\"text-align: center;\">Tr\u00e6ning af IT-underviserne<br \/>\n<img loading=\"lazy\" decoding=\"async\" class=\"wp-image-878 size-full alignleft\" src=\"https:\/\/slowlearning.eu\/wp-content\/uploads\/2020\/03\/teacher-snail-400.png\" alt=\"\" width=\"400\" height=\"400\" srcset=\"https:\/\/slowlearning.eu\/wp-content\/uploads\/2020\/03\/teacher-snail-400.png 400w, https:\/\/slowlearning.eu\/wp-content\/uploads\/2020\/03\/teacher-snail-400-300x300.png 300w, https:\/\/slowlearning.eu\/wp-content\/uploads\/2020\/03\/teacher-snail-400-150x150.png 150w\" sizes=\"auto, (max-width: 400px) 100vw, 400px\" \/><\/h2>\n<p>If\u00f8lge den diskussion, som partnerne har gennemf\u00f8rt i den indledende fase af projektplanl\u00e6gningen, vil uddannelsen (i en e-l\u00e6ringsversion) blive m\u00e5lrettet mod behov og mangel p\u00e5 kompetencer og f\u00e6rdigheder hos it-underviserne med henblik p\u00e5 at blive eksperter i uddannelse af \u00e6ldre.<br \/>\nUddannelsesprogrammet for it-undervisere vil indeholde nyttige tips til, hvordan man tilrettel\u00e6gger undervisning i it for \u00e6ldre, \u00f8ger deres viden og f\u00e6rdigheder og udvikler og gennemf\u00f8rer en r\u00e6kke aktiviteter for at forbedre adgangen til innovative teknikker og metoder.<\/p>\n<p>Den vil indeholde f\u00f8lgende indhold:<\/p>\n<ul>\n<li>Grundl\u00e6ggende begreber om, hvordan man l\u00e6rer \u00e6ldre at bruge digital teknologi (psykologiske aspekter, tekniske aspekter, etik eller privatlivets fred osv.)<\/li>\n<li>metoder og teknikker<\/li>\n<li>tjekliste over forventede n\u00f8glekompetencer og f\u00e6rdigheder<\/li>\n<\/ul>\n<p>[\/vc_column_text][vc_empty_space][vc_row_inner equal_height=&#8221;yes&#8221;][vc_column_inner width=&#8221;2\/3&#8243;][vc_empty_space height=&#8221;60px&#8221;][vc_column_text]<\/p>\n<h4 style=\"text-align: center;\">Lad os informere dig om, hvorn\u00e5r tr\u00e6ningen starter!<\/h4>\n<p>[\/vc_column_text]<script type=\"text\/javascript\">var gform;gform||(document.addEventListener(\"gform_main_scripts_loaded\",function(){gform.scriptsLoaded=!0}),window.addEventListener(\"DOMContentLoaded\",function(){gform.domLoaded=!0}),gform={domLoaded:!1,scriptsLoaded:!1,initializeOnLoaded:function(o){gform.domLoaded&&gform.scriptsLoaded?o():!gform.domLoaded&&gform.scriptsLoaded?window.addEventListener(\"DOMContentLoaded\",o):document.addEventListener(\"gform_main_scripts_loaded\",o)},hooks:{action:{},filter:{}},addAction:function(o,n,r,t){gform.addHook(\"action\",o,n,r,t)},addFilter:function(o,n,r,t){gform.addHook(\"filter\",o,n,r,t)},doAction:function(o){gform.doHook(\"action\",o,arguments)},applyFilters:function(o){return gform.doHook(\"filter\",o,arguments)},removeAction:function(o,n){gform.removeHook(\"action\",o,n)},removeFilter:function(o,n,r){gform.removeHook(\"filter\",o,n,r)},addHook:function(o,n,r,t,i){null==gform.hooks[o][n]&&(gform.hooks[o][n]=[]);var e=gform.hooks[o][n];null==i&&(i=n+\"_\"+e.length),gform.hooks[o][n].push({tag:i,callable:r,priority:t=null==t?10:t})},doHook:function(n,o,r){var t;if(r=Array.prototype.slice.call(r,1),null!=gform.hooks[n][o]&&((o=gform.hooks[n][o]).sort(function(o,n){return o.priority-n.priority}),o.forEach(function(o){\"function\"!=typeof(t=o.callable)&&(t=window[t]),\"action\"==n?t.apply(null,r):r[0]=t.apply(null,r)})),\"filter\"==n)return r[0]},removeHook:function(o,n,t,i){var r;null!=gform.hooks[o][n]&&(r=(r=gform.hooks[o][n]).filter(function(o,n,r){return!!(null!=i&&i!=o.tag||null!=t&&t!=o.priority)}),gform.hooks[o][n]=r)}});<\/script>\n                <div class='gf_browser_gecko gform_wrapper gform_legacy_markup_wrapper gform-theme--no-framework' data-form-theme='legacy' data-form-index='0' id='gform_wrapper_28' style='display:none'><div id='gf_28' class='gform_anchor' tabindex='-1'><\/div><form method='post' enctype='multipart\/form-data' target='gform_ajax_frame_28' id='gform_28'  action='\/da\/wp-json\/wp\/v2\/pages\/1904#gf_28' data-formid='28' >\n                        <div class='gform-body gform_body'><ul id='gform_fields_28' class='gform_fields top_label form_sublabel_below description_below'><li id=\"field_28_1\"  class=\"gfield gfield--type-text gf_left_half gfield_contains_required field_sublabel_below gfield--no-description field_description_below gfield_visibility_visible\"  data-js-reload=\"field_28_1\"><label class='gfield_label gform-field-label' for='input_28_1' >Navn<span class=\"gfield_required\"><span class=\"gfield_required gfield_required_asterisk\">*<\/span><\/span><\/label><div class='ginput_container ginput_container_text'><input name='input_1' id='input_28_1' type='text' value='' class='medium'     aria-required=\"true\" aria-invalid=\"false\"   \/> <\/div><\/li><li id=\"field_28_2\"  class=\"gfield gfield--type-email gf_right_half gfield_contains_required field_sublabel_below gfield--no-description field_description_below gfield_visibility_visible\"  data-js-reload=\"field_28_2\"><label class='gfield_label gform-field-label' for='input_28_2' >Email<span class=\"gfield_required\"><span class=\"gfield_required gfield_required_asterisk\">*<\/span><\/span><\/label><div class='ginput_container ginput_container_email'>\n                            <input name='input_2' id='input_28_2' type='text' value='' class='medium'    aria-required=\"true\" aria-invalid=\"false\"  \/>\n                        <\/div><\/li><li id=\"field_28_5\"  class=\"gfield gfield--type-consent gfield--type-choice gf_simple_horizontal gfield_contains_required field_sublabel_below gfield--has-description field_description_below gfield_visibility_visible\"  data-js-reload=\"field_28_5\"><label class='gfield_label gform-field-label gfield_label_before_complex'  >Samtykke<span class=\"gfield_required\"><span class=\"gfield_required gfield_required_asterisk\">*<\/span><\/span><\/label><div class='ginput_container ginput_container_consent'><input name='input_5.1' id='input_28_5_1' type='checkbox' value='1'  aria-describedby=\"gfield_consent_description_28_5\" aria-required=\"true\" aria-invalid=\"false\"   \/> <label class=\"gform-field-label gform-field-label--type-inline gfield_consent_label\" for='input_28_5_1' >Ja, jeg g\u00f8r<\/label><input type='hidden' name='input_5.2' value='Ja, jeg g\u00f8r' class='gform_hidden' \/><input type='hidden' name='input_5.3' value='7' class='gform_hidden' \/><\/div><div class='gfield_description gfield_consent_description' id='gfield_consent_description_28_5'>Jeg er over 18 og giver samtykke til at dele ovenst\u00e5ende data til den n\u00f8dvendige kommunikation om uddannelsesprocedure i projektet. Jeg accepterer fortrolighedspolitikken.<\/div><\/li><\/ul><\/div>\n        <input type=\"hidden\" name=\"php_start_time\" value=\"1777989198.4089\" \/><input type=\"hidden\" name=\"js_end_time\" class=\"js_end_time\" value=\"\" \/><input type=\"hidden\" name=\"js_start_time\" class=\"js_start_time\" value=\"\" \/><div class=\"f12t\"><input type=\"hidden\" class=\"f12_timer\" name=\"f12_multiple_submission_protection\" value=\"$2y$10$hkQ678hW8GJQ8fkvMtjNnuBctBDbkJ9c1GcZTqVh2iY2Pxi3qWN2y\"\/><\/div><div class=\"f12t\"><input type=\"hidden\" class=\"f12_timer\" name=\"f12_timer\" value=\"$2y$10$SelpA4TBgmUB4kfRQ5zKl.VojjRjPYXl0zT8LOoJDNyRnFQ3yPrm2\"\/><\/div><input id=\"f12_captcha\" type=\"text\" style=\"visibility:hidden!important; opacity:1!important; height:0!important; width:0!important; margin:0!important; padding:0!important;\" name=\"f12_captcha\" value=\"\"\/><div class='gform_footer top_label'> <input type='submit' id='gform_submit_button_28' class='gform_button button' value='Deltag!'  onclick='if(window[\"gf_submitting_28\"]){return false;}  window[\"gf_submitting_28\"]=true;  ' onkeypress='if( event.keyCode == 13 ){ if(window[\"gf_submitting_28\"]){return false;} window[\"gf_submitting_28\"]=true;  jQuery(\"#gform_28\").trigger(\"submit\",[true]); }' \/> <input type='hidden' name='gform_ajax' value='form_id=28&amp;title=&amp;description=&amp;tabindex=0' \/>\n            <input type='hidden' class='gform_hidden' name='is_submit_28' value='1' \/>\n            <input type='hidden' class='gform_hidden' name='gform_submit' value='28' \/>\n            \n            <input type='hidden' class='gform_hidden' name='gform_unique_id' value='' \/>\n            <input type='hidden' class='gform_hidden' name='state_28' value='WyJ7XCI1LjFcIjpcIjU3NTAyYmFlYjVlOWVmNzIzZGI5OWQ4ZDU5NmVlZWZlXCIsXCI1LjJcIjpcImQyZDQxOWVkNjg2YmJjNTQwZTVhNmU0MzljNDQ2MGNjXCIsXCI1LjNcIjpcIjkyNmE4ZmZjNGEwMjcxZjNkYWViOGU1ZjE4ODcyMGQwXCJ9IiwiYjZhOWNhNTQ4MDNlMzA1MWE4ZDNlYWJhZGZiYjA2OTEiXQ==' \/>\n            <input type='hidden' class='gform_hidden' name='gform_target_page_number_28' id='gform_target_page_number_28' value='0' \/>\n            <input type='hidden' class='gform_hidden' name='gform_source_page_number_28' id='gform_source_page_number_28' value='1' \/>\n            <input type='hidden' name='gform_field_values' value='' \/>\n            \n        <\/div>\n                        <\/form>\n                        <\/div>\n\t\t                <iframe style='display:none;width:0px;height:0px;' src='about:blank' name='gform_ajax_frame_28' id='gform_ajax_frame_28' title='Denne iframe indeholder logikken, der er kr\u00e6vet for at h\u00e5ndtere Gravity Formularer, der bruger Ajax.'><\/iframe>\n\t\t                <script type=\"text\/javascript\">\n\/* <![CDATA[ *\/\n gform.initializeOnLoaded( function() {gformInitSpinner( 28, 'https:\/\/slowlearning.eu\/wp-content\/plugins\/gravityforms\/images\/spinner.svg', true );jQuery('#gform_ajax_frame_28').on('load',function(){var contents = jQuery(this).contents().find('*').html();var is_postback = contents.indexOf('GF_AJAX_POSTBACK') >= 0;if(!is_postback){return;}var form_content = jQuery(this).contents().find('#gform_wrapper_28');var is_confirmation = jQuery(this).contents().find('#gform_confirmation_wrapper_28').length > 0;var is_redirect = contents.indexOf('gformRedirect(){') >= 0;var is_form = form_content.length > 0 && ! is_redirect && ! is_confirmation;var mt = parseInt(jQuery('html').css('margin-top'), 10) + parseInt(jQuery('body').css('margin-top'), 10) + 100;if(is_form){jQuery('#gform_wrapper_28').html(form_content.html());if(form_content.hasClass('gform_validation_error')){jQuery('#gform_wrapper_28').addClass('gform_validation_error');} else {jQuery('#gform_wrapper_28').removeClass('gform_validation_error');}setTimeout( function() { \/* delay the scroll by 50 milliseconds to fix a bug in chrome *\/ jQuery(document).scrollTop(jQuery('#gform_wrapper_28').offset().top - mt); }, 50 );if(window['gformInitDatepicker']) {gformInitDatepicker();}if(window['gformInitPriceFields']) {gformInitPriceFields();}var current_page = jQuery('#gform_source_page_number_28').val();gformInitSpinner( 28, 'https:\/\/slowlearning.eu\/wp-content\/plugins\/gravityforms\/images\/spinner.svg', true );jQuery(document).trigger('gform_page_loaded', [28, current_page]);window['gf_submitting_28'] = false;}else if(!is_redirect){var confirmation_content = jQuery(this).contents().find('.GF_AJAX_POSTBACK').html();if(!confirmation_content){confirmation_content = contents;}setTimeout(function(){jQuery('#gform_wrapper_28').replaceWith(confirmation_content);jQuery(document).scrollTop(jQuery('#gf_28').offset().top - mt);jQuery(document).trigger('gform_confirmation_loaded', [28]);window['gf_submitting_28'] = false;wp.a11y.speak(jQuery('#gform_confirmation_message_28').text());}, 50);}else{jQuery('#gform_28').append(contents);if(window['gformRedirect']) {gformRedirect();}}jQuery(document).trigger('gform_post_render', [28, current_page]);gform.utils.trigger({ event: 'gform\/postRender', native: false, data: { formId: 28, currentPage: current_page } });} );} ); \n\/* ]]> *\/\n<\/script>\n[\/vc_column_inner][vc_column_inner width=&#8221;1\/3&#8243;][vc_single_image image=&#8221;884&#8243; img_size=&#8221;full&#8221; alignment=&#8221;center&#8221;][\/vc_column_inner][\/vc_row_inner][vc_empty_space][vc_empty_space][\/vc_column][\/vc_row]<\/p>\n","protected":false},"excerpt":{"rendered":"<p>[vc_row][vc_column][vc_empty_space height=&#8221;100px&#8221;][vc_column_text] Tr\u00e6ning af IT-underviserne If\u00f8lge den diskussion, som partnerne har gennemf\u00f8rt i den indledende fase af projektplanl\u00e6gningen, vil uddannelsen (i en e-l\u00e6ringsversion) blive m\u00e5lrettet mod behov og mangel p\u00e5<\/p>\n","protected":false},"author":1,"featured_media":1243,"parent":0,"menu_order":0,"comment_status":"closed","ping_status":"closed","template":"tmp-page.php","meta":{"footnotes":""},"class_list":["post-1904","page","type-page","status-publish","has-post-thumbnail","hentry"],"yoast_head":"<!-- This site is optimized with the Yoast SEO plugin v19.6 - https:\/\/yoast.com\/wordpress\/plugins\/seo\/ -->\n<title>Tr\u00e6ning - SLOW LEARNING<\/title>\n<meta name=\"description\" content=\"Vores slowlearning projekt vil tilbyde en uddannelse til it-undervisere for at finde nye m\u00e5der at undervise seniorer p\u00e5! Bliv h\u00e6ngende og g\u00e5 ikke glip af det!\" \/>\n<meta name=\"robots\" content=\"index, follow, max-snippet:-1, max-image-preview:large, max-video-preview:-1\" \/>\n<link rel=\"canonical\" href=\"https:\/\/slowlearning.eu\/da\/traening\/\" \/>\n<meta property=\"og:locale\" content=\"da_DK\" \/>\n<meta property=\"og:type\" content=\"article\" \/>\n<meta property=\"og:title\" content=\"Tr\u00e6ning - SLOW LEARNING\" \/>\n<meta property=\"og:description\" content=\"Vores slowlearning projekt vil tilbyde en uddannelse til it-undervisere for at finde nye m\u00e5der at undervise seniorer p\u00e5! Bliv h\u00e6ngende og g\u00e5 ikke glip af det!\" \/>\n<meta property=\"og:url\" content=\"https:\/\/slowlearning.eu\/da\/traening\/\" \/>\n<meta property=\"og:site_name\" content=\"SLOW LEARNING\" \/>\n<meta property=\"article:modified_time\" content=\"2020-11-03T10:27:11+00:00\" \/>\n<meta property=\"og:image\" content=\"https:\/\/slowlearning.eu\/wp-content\/uploads\/2020\/03\/featured-image-training.jpg\" \/>\n\t<meta property=\"og:image:width\" content=\"1200\" \/>\n\t<meta property=\"og:image:height\" content=\"630\" \/>\n\t<meta property=\"og:image:type\" content=\"image\/jpeg\" \/>\n<meta name=\"twitter:card\" content=\"summary_large_image\" \/>\n<meta name=\"twitter:label1\" content=\"Estimeret l\u00e6setid\" \/>\n\t<meta name=\"twitter:data1\" content=\"1 minut\" \/>\n<script type=\"application\/ld+json\" class=\"yoast-schema-graph\">{\"@context\":\"https:\/\/schema.org\",\"@graph\":[{\"@type\":\"WebPage\",\"@id\":\"https:\/\/slowlearning.eu\/da\/traening\/\",\"url\":\"https:\/\/slowlearning.eu\/da\/traening\/\",\"name\":\"Tr\u00e6ning - SLOW LEARNING\",\"isPartOf\":{\"@id\":\"https:\/\/slowlearning.eu\/el\/#website\"},\"datePublished\":\"2020-09-25T07:40:18+00:00\",\"dateModified\":\"2020-11-03T10:27:11+00:00\",\"description\":\"Vores slowlearning projekt vil tilbyde en uddannelse til it-undervisere for at finde nye m\u00e5der at undervise seniorer p\u00e5! Bliv h\u00e6ngende og g\u00e5 ikke glip af det!\",\"breadcrumb\":{\"@id\":\"https:\/\/slowlearning.eu\/da\/traening\/#breadcrumb\"},\"inLanguage\":\"da-DK\",\"potentialAction\":[{\"@type\":\"ReadAction\",\"target\":[\"https:\/\/slowlearning.eu\/da\/traening\/\"]}]},{\"@type\":\"BreadcrumbList\",\"@id\":\"https:\/\/slowlearning.eu\/da\/traening\/#breadcrumb\",\"itemListElement\":[{\"@type\":\"ListItem\",\"position\":1,\"name\":\"Home\",\"item\":\"https:\/\/slowlearning.eu\/da\/\"},{\"@type\":\"ListItem\",\"position\":2,\"name\":\"Tr\u00e6ning\"}]},{\"@type\":\"WebSite\",\"@id\":\"https:\/\/slowlearning.eu\/el\/#website\",\"url\":\"https:\/\/slowlearning.eu\/el\/\",\"name\":\"SLOW LEARNING\",\"description\":\"IT for elders\",\"potentialAction\":[{\"@type\":\"SearchAction\",\"target\":{\"@type\":\"EntryPoint\",\"urlTemplate\":\"https:\/\/slowlearning.eu\/el\/?s={search_term_string}\"},\"query-input\":\"required name=search_term_string\"}],\"inLanguage\":\"da-DK\"}]}<\/script>\n<!-- \/ Yoast SEO plugin. -->","yoast_head_json":{"title":"Tr\u00e6ning - SLOW LEARNING","description":"Vores slowlearning projekt vil tilbyde en uddannelse til it-undervisere for at finde nye m\u00e5der at undervise seniorer p\u00e5! Bliv h\u00e6ngende og g\u00e5 ikke glip af det!","robots":{"index":"index","follow":"follow","max-snippet":"max-snippet:-1","max-image-preview":"max-image-preview:large","max-video-preview":"max-video-preview:-1"},"canonical":"https:\/\/slowlearning.eu\/da\/traening\/","og_locale":"da_DK","og_type":"article","og_title":"Tr\u00e6ning - SLOW LEARNING","og_description":"Vores slowlearning projekt vil tilbyde en uddannelse til it-undervisere for at finde nye m\u00e5der at undervise seniorer p\u00e5! Bliv h\u00e6ngende og g\u00e5 ikke glip af det!","og_url":"https:\/\/slowlearning.eu\/da\/traening\/","og_site_name":"SLOW LEARNING","article_modified_time":"2020-11-03T10:27:11+00:00","og_image":[{"width":1200,"height":630,"url":"https:\/\/slowlearning.eu\/wp-content\/uploads\/2020\/03\/featured-image-training.jpg","type":"image\/jpeg"}],"twitter_card":"summary_large_image","twitter_misc":{"Estimeret l\u00e6setid":"1 minut"},"schema":{"@context":"https:\/\/schema.org","@graph":[{"@type":"WebPage","@id":"https:\/\/slowlearning.eu\/da\/traening\/","url":"https:\/\/slowlearning.eu\/da\/traening\/","name":"Tr\u00e6ning - SLOW LEARNING","isPartOf":{"@id":"https:\/\/slowlearning.eu\/el\/#website"},"datePublished":"2020-09-25T07:40:18+00:00","dateModified":"2020-11-03T10:27:11+00:00","description":"Vores slowlearning projekt vil tilbyde en uddannelse til it-undervisere for at finde nye m\u00e5der at undervise seniorer p\u00e5! Bliv h\u00e6ngende og g\u00e5 ikke glip af det!","breadcrumb":{"@id":"https:\/\/slowlearning.eu\/da\/traening\/#breadcrumb"},"inLanguage":"da-DK","potentialAction":[{"@type":"ReadAction","target":["https:\/\/slowlearning.eu\/da\/traening\/"]}]},{"@type":"BreadcrumbList","@id":"https:\/\/slowlearning.eu\/da\/traening\/#breadcrumb","itemListElement":[{"@type":"ListItem","position":1,"name":"Home","item":"https:\/\/slowlearning.eu\/da\/"},{"@type":"ListItem","position":2,"name":"Tr\u00e6ning"}]},{"@type":"WebSite","@id":"https:\/\/slowlearning.eu\/el\/#website","url":"https:\/\/slowlearning.eu\/el\/","name":"SLOW LEARNING","description":"IT for elders","potentialAction":[{"@type":"SearchAction","target":{"@type":"EntryPoint","urlTemplate":"https:\/\/slowlearning.eu\/el\/?s={search_term_string}"},"query-input":"required name=search_term_string"}],"inLanguage":"da-DK"}]}},"_links":{"self":[{"href":"https:\/\/slowlearning.eu\/da\/wp-json\/wp\/v2\/pages\/1904","targetHints":{"allow":["GET"]}}],"collection":[{"href":"https:\/\/slowlearning.eu\/da\/wp-json\/wp\/v2\/pages"}],"about":[{"href":"https:\/\/slowlearning.eu\/da\/wp-json\/wp\/v2\/types\/page"}],"author":[{"embeddable":true,"href":"https:\/\/slowlearning.eu\/da\/wp-json\/wp\/v2\/users\/1"}],"replies":[{"embeddable":true,"href":"https:\/\/slowlearning.eu\/da\/wp-json\/wp\/v2\/comments?post=1904"}],"version-history":[{"count":4,"href":"https:\/\/slowlearning.eu\/da\/wp-json\/wp\/v2\/pages\/1904\/revisions"}],"predecessor-version":[{"id":3048,"href":"https:\/\/slowlearning.eu\/da\/wp-json\/wp\/v2\/pages\/1904\/revisions\/3048"}],"wp:featuredmedia":[{"embeddable":true,"href":"https:\/\/slowlearning.eu\/da\/wp-json\/wp\/v2\/media\/1243"}],"wp:attachment":[{"href":"https:\/\/slowlearning.eu\/da\/wp-json\/wp\/v2\/media?parent=1904"}],"curies":[{"name":"wp","href":"https:\/\/api.w.org\/{rel}","templated":true}]}}