{"id":1901,"date":"2020-09-25T10:33:31","date_gmt":"2020-09-25T07:33:31","guid":{"rendered":"https:\/\/slowlearning.eu\/kompendium\/"},"modified":"2020-10-21T16:34:39","modified_gmt":"2020-10-21T13:34:39","slug":"kompendium","status":"publish","type":"page","link":"https:\/\/slowlearning.eu\/da\/kompendium\/","title":{"rendered":"Kompendium"},"content":{"rendered":"<p>[vc_row][vc_column][vc_empty_space height=&#8221;60px&#8221;][vc_column_text]<\/p>\n<h2>Kompendium<\/h2>\n<p><img loading=\"lazy\" class=\"wp-image-1883 size-full alignleft\" src=\"https:\/\/slowlearning.eu\/wp-content\/uploads\/2020\/09\/Compendium-teacher-300px.jpg\" alt=\"\" width=\"300\" height=\"300\" srcset=\"https:\/\/slowlearning.eu\/wp-content\/uploads\/2020\/09\/Compendium-teacher-300px.jpg 300w, https:\/\/slowlearning.eu\/wp-content\/uploads\/2020\/09\/Compendium-teacher-300px-150x150.jpg 150w\" sizes=\"(max-width: 300px) 100vw, 300px\" \/><\/p>\n<p>Kompendiet er en unik og innovativ pakke af eksisterende effektive praksisser og v\u00e6rkt\u00f8jer i undervisningen af teknologi til \u00e6ldre. Dette v\u00e6rkt\u00f8j sikrer, at de oplysninger, der indsamles i kompendiet, vil v\u00e6re til brug for nationale uddannelsesinstitutioner\/-organisationer\/h\u00f8jere l\u00e6reanstalter, som fors\u00f8ger at identificere innovative og underst\u00f8ttende praksisser og v\u00e6rkt\u00f8jer til at arbejde mere effektivt sammen med \u00e6ldre.<\/p>\n<p>M\u00e5let er at introducere brugerne til den vifte af effektive praksis og v\u00e6rkt\u00f8jer i undervisningen af teknologi til \u00e6ldre der findes. Uddannelsesinstitutionerne\/-organisationerne (uddannelsesf\u00e6llesskaberne) vil blive opfordret til at gennemse kompendiet for at v\u00e6lge tilgange, der opfylder behovene hos specifikke typer udbydere (VET or AL).<\/p>\n<p>Kompendiet vil v\u00e6re den vigtigste reference til at tilpasse, opdatere og videreudvikle de teknikker til at undervise i teknologi hos \u00e6ldre. Desuden vil disse &#8220;opg\u00f8relser&#8221; v\u00e6re et godt grundlag for VET and AL der er villige til at fokusere deres aktiviteter p\u00e5 uddannelse af \u00e6ldre med en mere praktisk og innovativ tilgang, og ogs\u00e5 for undervisere til at forst\u00e5, hvordan og hvor de skal koncentrere deres indsats.<\/p>\n<p>[\/vc_column_text][\/vc_column][\/vc_row][vc_row][vc_column][dfd_portfolio_module posts_to_show=&#8221;20&#8243; items_offset=&#8221;40&#8243; columns=&#8221;4&#8243; portfolio_content_alignment=&#8221;text-center&#8221; portfolio_style=&#8221;fitRows&#8221; portfolio_categories=&#8221;cyprus-da,denmark-da,germany-da,greece-da,portugal-da,slovenia-da,spain-da,united-kingdom-da&#8221; portfolio_show_title=&#8221;on&#8221; image_width=&#8221;400&#8243; image_height=&#8221;200&#8243; tutorials=&#8221;&#8221;][\/vc_column][\/vc_row]<\/p>\n","protected":false},"excerpt":{"rendered":"<p>[vc_row][vc_column][vc_empty_space height=&#8221;60px&#8221;][vc_column_text] Kompendium Kompendiet er en unik og innovativ pakke af eksisterende effektive praksisser og v\u00e6rkt\u00f8jer i undervisningen af teknologi til \u00e6ldre. Dette v\u00e6rkt\u00f8j sikrer, at de oplysninger, der indsamles<\/p>\n","protected":false},"author":1,"featured_media":3518,"parent":0,"menu_order":0,"comment_status":"closed","ping_status":"closed","template":"tmp-page.php","meta":[],"yoast_head":"<!-- This site is optimized with the Yoast SEO plugin v19.6 - https:\/\/yoast.com\/wordpress\/plugins\/seo\/ -->\n<title>Kompendium - SLOW LEARNING<\/title>\n<meta name=\"robots\" content=\"index, follow, max-snippet:-1, max-image-preview:large, max-video-preview:-1\" \/>\n<link rel=\"canonical\" href=\"https:\/\/slowlearning.eu\/da\/kompendium\/\" \/>\n<meta property=\"og:locale\" content=\"da_DK\" \/>\n<meta property=\"og:type\" content=\"article\" \/>\n<meta property=\"og:title\" content=\"Kompendium - SLOW LEARNING\" \/>\n<meta property=\"og:description\" content=\"[vc_row][vc_column][vc_empty_space height=&#8221;60px&#8221;][vc_column_text] Kompendium Kompendiet er en unik og innovativ pakke af eksisterende effektive praksisser og v\u00e6rkt\u00f8jer i undervisningen af teknologi til \u00e6ldre. Dette v\u00e6rkt\u00f8j sikrer, at de oplysninger, der indsamles\" \/>\n<meta property=\"og:url\" content=\"https:\/\/slowlearning.eu\/da\/kompendium\/\" \/>\n<meta property=\"og:site_name\" content=\"SLOW LEARNING\" \/>\n<meta property=\"article:modified_time\" content=\"2020-10-21T13:34:39+00:00\" \/>\n<meta property=\"og:image\" content=\"https:\/\/slowlearning.eu\/wp-content\/uploads\/2022\/04\/featured-image-compendium.jpg\" \/>\n\t<meta property=\"og:image:width\" content=\"1200\" \/>\n\t<meta property=\"og:image:height\" content=\"630\" \/>\n\t<meta property=\"og:image:type\" content=\"image\/jpeg\" \/>\n<meta name=\"twitter:card\" content=\"summary_large_image\" \/>\n<meta name=\"twitter:label1\" content=\"Estimeret l\u00e6setid\" \/>\n\t<meta name=\"twitter:data1\" content=\"1 minut\" \/>\n<script type=\"application\/ld+json\" class=\"yoast-schema-graph\">{\"@context\":\"https:\/\/schema.org\",\"@graph\":[{\"@type\":\"WebPage\",\"@id\":\"https:\/\/slowlearning.eu\/da\/kompendium\/\",\"url\":\"https:\/\/slowlearning.eu\/da\/kompendium\/\",\"name\":\"Kompendium - SLOW LEARNING\",\"isPartOf\":{\"@id\":\"https:\/\/slowlearning.eu\/el\/#website\"},\"datePublished\":\"2020-09-25T07:33:31+00:00\",\"dateModified\":\"2020-10-21T13:34:39+00:00\",\"breadcrumb\":{\"@id\":\"https:\/\/slowlearning.eu\/da\/kompendium\/#breadcrumb\"},\"inLanguage\":\"da-DK\",\"potentialAction\":[{\"@type\":\"ReadAction\",\"target\":[\"https:\/\/slowlearning.eu\/da\/kompendium\/\"]}]},{\"@type\":\"BreadcrumbList\",\"@id\":\"https:\/\/slowlearning.eu\/da\/kompendium\/#breadcrumb\",\"itemListElement\":[{\"@type\":\"ListItem\",\"position\":1,\"name\":\"Home\",\"item\":\"https:\/\/slowlearning.eu\/da\/\"},{\"@type\":\"ListItem\",\"position\":2,\"name\":\"Kompendium\"}]},{\"@type\":\"WebSite\",\"@id\":\"https:\/\/slowlearning.eu\/el\/#website\",\"url\":\"https:\/\/slowlearning.eu\/el\/\",\"name\":\"SLOW LEARNING\",\"description\":\"IT for elders\",\"potentialAction\":[{\"@type\":\"SearchAction\",\"target\":{\"@type\":\"EntryPoint\",\"urlTemplate\":\"https:\/\/slowlearning.eu\/el\/?s={search_term_string}\"},\"query-input\":\"required name=search_term_string\"}],\"inLanguage\":\"da-DK\"}]}<\/script>\n<!-- \/ Yoast SEO plugin. -->","yoast_head_json":{"title":"Kompendium - SLOW LEARNING","robots":{"index":"index","follow":"follow","max-snippet":"max-snippet:-1","max-image-preview":"max-image-preview:large","max-video-preview":"max-video-preview:-1"},"canonical":"https:\/\/slowlearning.eu\/da\/kompendium\/","og_locale":"da_DK","og_type":"article","og_title":"Kompendium - SLOW LEARNING","og_description":"[vc_row][vc_column][vc_empty_space height=&#8221;60px&#8221;][vc_column_text] Kompendium Kompendiet er en unik og innovativ pakke af eksisterende effektive praksisser og v\u00e6rkt\u00f8jer i undervisningen af teknologi til \u00e6ldre. Dette v\u00e6rkt\u00f8j sikrer, at de oplysninger, der indsamles","og_url":"https:\/\/slowlearning.eu\/da\/kompendium\/","og_site_name":"SLOW LEARNING","article_modified_time":"2020-10-21T13:34:39+00:00","og_image":[{"width":1200,"height":630,"url":"https:\/\/slowlearning.eu\/wp-content\/uploads\/2022\/04\/featured-image-compendium.jpg","type":"image\/jpeg"}],"twitter_card":"summary_large_image","twitter_misc":{"Estimeret l\u00e6setid":"1 minut"},"schema":{"@context":"https:\/\/schema.org","@graph":[{"@type":"WebPage","@id":"https:\/\/slowlearning.eu\/da\/kompendium\/","url":"https:\/\/slowlearning.eu\/da\/kompendium\/","name":"Kompendium - SLOW LEARNING","isPartOf":{"@id":"https:\/\/slowlearning.eu\/el\/#website"},"datePublished":"2020-09-25T07:33:31+00:00","dateModified":"2020-10-21T13:34:39+00:00","breadcrumb":{"@id":"https:\/\/slowlearning.eu\/da\/kompendium\/#breadcrumb"},"inLanguage":"da-DK","potentialAction":[{"@type":"ReadAction","target":["https:\/\/slowlearning.eu\/da\/kompendium\/"]}]},{"@type":"BreadcrumbList","@id":"https:\/\/slowlearning.eu\/da\/kompendium\/#breadcrumb","itemListElement":[{"@type":"ListItem","position":1,"name":"Home","item":"https:\/\/slowlearning.eu\/da\/"},{"@type":"ListItem","position":2,"name":"Kompendium"}]},{"@type":"WebSite","@id":"https:\/\/slowlearning.eu\/el\/#website","url":"https:\/\/slowlearning.eu\/el\/","name":"SLOW LEARNING","description":"IT for elders","potentialAction":[{"@type":"SearchAction","target":{"@type":"EntryPoint","urlTemplate":"https:\/\/slowlearning.eu\/el\/?s={search_term_string}"},"query-input":"required name=search_term_string"}],"inLanguage":"da-DK"}]}},"_links":{"self":[{"href":"https:\/\/slowlearning.eu\/da\/wp-json\/wp\/v2\/pages\/1901"}],"collection":[{"href":"https:\/\/slowlearning.eu\/da\/wp-json\/wp\/v2\/pages"}],"about":[{"href":"https:\/\/slowlearning.eu\/da\/wp-json\/wp\/v2\/types\/page"}],"author":[{"embeddable":true,"href":"https:\/\/slowlearning.eu\/da\/wp-json\/wp\/v2\/users\/1"}],"replies":[{"embeddable":true,"href":"https:\/\/slowlearning.eu\/da\/wp-json\/wp\/v2\/comments?post=1901"}],"version-history":[{"count":3,"href":"https:\/\/slowlearning.eu\/da\/wp-json\/wp\/v2\/pages\/1901\/revisions"}],"predecessor-version":[{"id":3035,"href":"https:\/\/slowlearning.eu\/da\/wp-json\/wp\/v2\/pages\/1901\/revisions\/3035"}],"wp:featuredmedia":[{"embeddable":true,"href":"https:\/\/slowlearning.eu\/da\/wp-json\/wp\/v2\/media\/3518"}],"wp:attachment":[{"href":"https:\/\/slowlearning.eu\/da\/wp-json\/wp\/v2\/media?parent=1901"}],"curies":[{"name":"wp","href":"https:\/\/api.w.org\/{rel}","templated":true}]}}